{"id":2666,"date":"2024-02-23T12:56:11","date_gmt":"2024-02-23T11:56:11","guid":{"rendered":"https:\/\/www.mastehabitat.it\/dienstleistungen\/"},"modified":"2024-04-04T09:49:22","modified_gmt":"2024-04-04T07:49:22","slug":"dienstleistungen","status":"publish","type":"page","link":"https:\/\/www.mastehabitat.it\/de\/dienstleistungen\/","title":{"rendered":"Dienstleistungen"},"content":{"rendered":"<p>[et_pb_section fb_built=&#8221;1&#8243; admin_label=&#8221;Hero&#8221; _builder_version=&#8221;4.24.2&#8243; use_background_color_gradient=&#8221;on&#8221; background_color_gradient_type=&#8221;circular&#8221; background_color_gradient_direction_radial=&#8221;top left&#8221; background_color_gradient_stops=&#8221;rgba(40,40,40,0.53) 0%|rgba(40,40,40,0.7) 100%&#8221; background_color_gradient_overlays_image=&#8221;on&#8221; background_color_gradient_start=&#8221;rgba(40,40,40,0.79)&#8221; background_color_gradient_end=&#8221;rgba(40,40,40,0.86)&#8221; background_image=&#8221;https:\/\/www.mastehabitat.it\/wp-content\/uploads\/sites\/22\/2024\/02\/maste-habitat-sfondo1.jpg&#8221; custom_margin=&#8221;||||false&#8221; custom_padding=&#8221;3vw||3vw||true|false&#8221; global_colors_info=&#8221;{}&#8221;][et_pb_row _builder_version=&#8221;4.24.0&#8243; global_colors_info=&#8221;{}&#8221;][et_pb_column type=&#8221;4_4&#8243; _builder_version=&#8221;4.16&#8243; custom_padding=&#8221;|||&#8221; global_colors_info=&#8221;{}&#8221; custom_padding__hover=&#8221;|||&#8221;][et_pb_text _builder_version=&#8221;4.24.2&#8243; text_font=&#8221;||||||||&#8221; header_font=&#8221;Rubik|700|||||||&#8221; header_font_size=&#8221;62px&#8221; header_line_height=&#8221;1.1em&#8221; background_layout=&#8221;dark&#8221; max_width=&#8221;98%&#8221; custom_margin=&#8221;||20px||false|false&#8221; custom_padding=&#8221;|||16px&#8221; header_font_size_tablet=&#8221;44px&#8221; header_font_size_phone=&#8221;30px&#8221; header_font_size_last_edited=&#8221;on|phone&#8221; border_color_all=&#8221;#ffb400&#8243; border_width_left=&#8221;10px&#8221; border_color_left=&#8221;#FFF109&#8243; global_colors_info=&#8221;{}&#8221;]<\/p>\n<h1>Unsere Dienstleistungen<\/h1>\n<p>[\/et_pb_text][\/et_pb_column][\/et_pb_row][\/et_pb_section][et_pb_section fb_built=&#8221;1&#8243; admin_label=&#8221;About Us&#8221; _builder_version=&#8221;4.16&#8243; global_colors_info=&#8221;{}&#8221;][et_pb_row column_structure=&#8221;1_2,1_4,1_4&#8243; _builder_version=&#8221;4.24.2&#8243; _module_preset=&#8221;default&#8221; locked=&#8221;off&#8221; global_colors_info=&#8221;{}&#8221;][et_pb_column type=&#8221;1_2&#8243; _builder_version=&#8221;4.24.2&#8243; _module_preset=&#8221;default&#8221; global_colors_info=&#8221;{}&#8221;][et_pb_blurb title=&#8221;Ziegelarbeiten&#8221; use_icon=&#8221;on&#8221; font_icon=&#8221;&#x39;||divi||400&#8243; icon_color=&#8221;#FFF109&#8243; icon_placement=&#8221;left&#8221; image_icon_width=&#8221;56px&#8221; content_max_width=&#8221;1100px&#8221; module_id=&#8221;opere-in-laterizio&#8221; _builder_version=&#8221;4.24.2&#8243; header_font=&#8221;Rubik|700|||||||&#8221; header_font_size=&#8221;20px&#8221; header_line_height=&#8221;1.4em&#8221; body_font=&#8221;||||||||&#8221; body_line_height=&#8221;1.8em&#8221; custom_margin=&#8221;|||&#8221; custom_padding=&#8221;|||&#8221; animation_style=&#8221;slide&#8221; animation_direction=&#8221;right&#8221; animation_intensity_slide=&#8221;10%&#8221; animation=&#8221;off&#8221; image_max_width=&#8221;64px&#8221; global_colors_info=&#8221;{}&#8221;]<\/p>\n<p>Wir verwenden dieses traditionelle Bausystem f\u00fcr die Sanierung von Trennw\u00e4nden, tragenden W\u00e4nden und B\u00f6den in Kontexten, in denen diese Typologie bereits vorhanden ist.<\/p>\n<p>[\/et_pb_blurb][\/et_pb_column][et_pb_column type=&#8221;1_4&#8243; _builder_version=&#8221;4.24.2&#8243; _module_preset=&#8221;default&#8221; global_colors_info=&#8221;{}&#8221;][et_pb_image src=&#8221;https:\/\/www.mastehabitat.it\/wp-content\/uploads\/sites\/22\/2024\/03\/maste-habitat_LATERIZIO_tramezze.jpg&#8221; alt=&#8221;Ziegelarbeiten&#8221; title_text=&#8221;Ziegelarbeiten&#8221; _builder_version=&#8221;4.24.2&#8243; _module_preset=&#8221;default&#8221; global_colors_info=&#8221;{}&#8221;][\/et_pb_image][\/et_pb_column][et_pb_column type=&#8221;1_4&#8243; _builder_version=&#8221;4.24.2&#8243; _module_preset=&#8221;default&#8221; global_colors_info=&#8221;{}&#8221;][et_pb_image src=&#8221;https:\/\/www.mastehabitat.it\/wp-content\/uploads\/sites\/22\/2024\/03\/Maste-habitat_LATERIZIO_pareti-portanti.jpg&#8221; alt=&#8221;Ziegelarbeiten&#8221; title_text=&#8221;Ziegelarbeiten&#8221; _builder_version=&#8221;4.24.2&#8243; _module_preset=&#8221;default&#8221; global_colors_info=&#8221;{}&#8221;][\/et_pb_image][\/et_pb_column][\/et_pb_row][et_pb_row column_structure=&#8221;1_2,1_4,1_4&#8243; _builder_version=&#8221;4.24.2&#8243; _module_preset=&#8221;default&#8221; locked=&#8221;off&#8221; global_colors_info=&#8221;{}&#8221;][et_pb_column type=&#8221;1_2&#8243; _builder_version=&#8221;4.24.2&#8243; _module_preset=&#8221;default&#8221; global_colors_info=&#8221;{}&#8221;][et_pb_blurb title=&#8221;Gipskartonarbeiten&#8221; use_icon=&#8221;on&#8221; font_icon=&#8221;&#x39;||divi||400&#8243; icon_color=&#8221;#FFF109&#8243; icon_placement=&#8221;left&#8221; image_icon_width=&#8221;56px&#8221; content_max_width=&#8221;1100px&#8221; module_id=&#8221;opere-in-cartongesso&#8221; _builder_version=&#8221;4.24.2&#8243; header_font=&#8221;Rubik|700|||||||&#8221; header_font_size=&#8221;20px&#8221; header_line_height=&#8221;1.4em&#8221; body_font=&#8221;||||||||&#8221; body_line_height=&#8221;1.8em&#8221; custom_margin=&#8221;|||&#8221; custom_padding=&#8221;|||&#8221; animation_style=&#8221;slide&#8221; animation_direction=&#8221;right&#8221; animation_intensity_slide=&#8221;10%&#8221; animation=&#8221;off&#8221; image_max_width=&#8221;64px&#8221; global_colors_info=&#8221;{}&#8221;]<\/p>\n<p>Es k\u00f6nnen interne Trennw\u00e4nde, isolierte Zwischenw\u00e4nde, Zwischendecken und dekorative Gipskartonschleier erstellt werden. Dieses System wird normalerweise aufgrund seiner Geschwindigkeit und Sauberkeit in der Ausf\u00fchrung bevorzugt.<\/p>\n<p>[\/et_pb_blurb][\/et_pb_column][et_pb_column type=&#8221;1_4&#8243; _builder_version=&#8221;4.24.2&#8243; _module_preset=&#8221;default&#8221; global_colors_info=&#8221;{}&#8221;][et_pb_image src=&#8221;https:\/\/www.mastehabitat.it\/wp-content\/uploads\/sites\/22\/2024\/03\/maste-habitat_CARTONGESSI-_contropareti.jpg&#8221; alt=&#8221;Master-Lebensraum Gipskarton-Zwischenw\u00e4nde&#8221; title_text=&#8221;Master-Lebensraum Gipskarton-Zwischenw\u00e4nde&#8221; _builder_version=&#8221;4.24.2&#8243; _module_preset=&#8221;default&#8221; global_colors_info=&#8221;{}&#8221;][\/et_pb_image][\/et_pb_column][et_pb_column type=&#8221;1_4&#8243; _builder_version=&#8221;4.24.2&#8243; _module_preset=&#8221;default&#8221; global_colors_info=&#8221;{}&#8221;][et_pb_image src=&#8221;https:\/\/www.mastehabitat.it\/wp-content\/uploads\/sites\/22\/2024\/03\/maste-habitat_CARTONGESSI_velette.jpg&#8221; alt=&#8221;Meister-Lebensraum Gipskartonplatten Schleier&#8221; title_text=&#8221;Meister-Lebensraum Gipskartonplatten Schleier&#8221; _builder_version=&#8221;4.24.2&#8243; _module_preset=&#8221;default&#8221; global_colors_info=&#8221;{}&#8221;][\/et_pb_image][\/et_pb_column][\/et_pb_row][et_pb_row column_structure=&#8221;1_2,1_4,1_4&#8243; _builder_version=&#8221;4.24.2&#8243; _module_preset=&#8221;default&#8221; locked=&#8221;off&#8221; global_colors_info=&#8221;{}&#8221;][et_pb_column type=&#8221;1_2&#8243; _builder_version=&#8221;4.24.2&#8243; _module_preset=&#8221;default&#8221; global_colors_info=&#8221;{}&#8221;][et_pb_blurb title=&#8221;Stahlbetonarbeiten&#8221; use_icon=&#8221;on&#8221; font_icon=&#8221;&#x39;||divi||400&#8243; icon_color=&#8221;#FFF109&#8243; icon_placement=&#8221;left&#8221; image_icon_width=&#8221;56px&#8221; content_max_width=&#8221;1100px&#8221; module_id=&#8221;opere-in-cemento-armato&#8221; _builder_version=&#8221;4.24.2&#8243; header_font=&#8221;Rubik|700|||||||&#8221; header_font_size=&#8221;20px&#8221; header_line_height=&#8221;1.4em&#8221; body_font=&#8221;||||||||&#8221; body_line_height=&#8221;1.8em&#8221; custom_margin=&#8221;|||&#8221; custom_padding=&#8221;|||&#8221; animation_style=&#8221;slide&#8221; animation_direction=&#8221;right&#8221; animation_intensity_slide=&#8221;10%&#8221; animation=&#8221;off&#8221; image_max_width=&#8221;64px&#8221; global_colors_info=&#8221;{}&#8221;]<\/p>\n<p>Tragkonstruktionen aus Stahlbeton f\u00fcr den Bau von Schwimmbeckenb\u00f6den, Treppen, Fundamenten, Balken und Pfeilern werden von uns mit Betonmischfahrzeugen oder vor Ort vorbereitetem Beton hergestellt.<\/p>\n<p>[\/et_pb_blurb][\/et_pb_column][et_pb_column type=&#8221;1_4&#8243; _builder_version=&#8221;4.24.2&#8243; _module_preset=&#8221;default&#8221; global_colors_info=&#8221;{}&#8221;][et_pb_image src=&#8221;https:\/\/www.mastehabitat.it\/wp-content\/uploads\/sites\/22\/2024\/03\/maste-habitat_OPERE-IN-Cemento-armato_platee.jpg&#8221; alt=&#8221;Master-Habitat REINFORCED-CONCRETE-WORKS Platte&#8221; title_text=&#8221;Master-Habitat REINFORCED-CONCRETE-WORKS Platte&#8221; _builder_version=&#8221;4.24.2&#8243; _module_preset=&#8221;default&#8221; global_colors_info=&#8221;{}&#8221;][\/et_pb_image][\/et_pb_column][et_pb_column type=&#8221;1_4&#8243; _builder_version=&#8221;4.24.2&#8243; _module_preset=&#8221;default&#8221; global_colors_info=&#8221;{}&#8221;][et_pb_image src=&#8221;https:\/\/www.mastehabitat.it\/wp-content\/uploads\/sites\/22\/2024\/03\/maste-habitat_OPERE-IN-Cemento-armato_scala.jpg&#8221; alt=&#8221;Master-Habitat REINFORCED-CONCRETE-WORKS Skala&#8221; title_text=&#8221;Master-Habitat REINFORCED-CONCRETE-WORKS Skala&#8221; _builder_version=&#8221;4.24.2&#8243; _module_preset=&#8221;default&#8221; global_colors_info=&#8221;{}&#8221;][\/et_pb_image][\/et_pb_column][\/et_pb_row][et_pb_row column_structure=&#8221;1_2,1_4,1_4&#8243; _builder_version=&#8221;4.24.2&#8243; _module_preset=&#8221;default&#8221; locked=&#8221;off&#8221; global_colors_info=&#8221;{}&#8221;][et_pb_column type=&#8221;1_2&#8243; _builder_version=&#8221;4.24.2&#8243; _module_preset=&#8221;default&#8221; global_colors_info=&#8221;{}&#8221;][et_pb_blurb title=&#8221;Holzarbeiten&#8221; use_icon=&#8221;on&#8221; font_icon=&#8221;&#x39;||divi||400&#8243; icon_color=&#8221;#FFF109&#8243; icon_placement=&#8221;left&#8221; image_icon_width=&#8221;56px&#8221; content_max_width=&#8221;1100px&#8221; module_id=&#8221;opere-in-legno&#8221; _builder_version=&#8221;4.24.2&#8243; header_font=&#8221;Rubik|700|||||||&#8221; header_font_size=&#8221;20px&#8221; header_line_height=&#8221;1.4em&#8221; body_font=&#8221;||||||||&#8221; body_line_height=&#8221;1.8em&#8221; custom_margin=&#8221;|||&#8221; custom_padding=&#8221;|||&#8221; animation_style=&#8221;slide&#8221; animation_direction=&#8221;right&#8221; animation_intensity_slide=&#8221;10%&#8221; animation=&#8221;off&#8221; image_max_width=&#8221;64px&#8221; global_colors_info=&#8221;{}&#8221;]<\/p>\n<p>Bau von Holzb\u00f6den und -d\u00e4chern, Vord\u00e4chern und Pergolen, An- und Anbauten.<\/p>\n<p>[\/et_pb_blurb][\/et_pb_column][et_pb_column type=&#8221;1_4&#8243; _builder_version=&#8221;4.24.2&#8243; _module_preset=&#8221;default&#8221; global_colors_info=&#8221;{}&#8221;][et_pb_image src=&#8221;https:\/\/www.mastehabitat.it\/wp-content\/uploads\/sites\/22\/2024\/03\/maste-habitat_legno_coperture.jpg&#8221; alt=&#8221;Master-Habitat-Holzdach&#8221; title_text=&#8221;Master-Habitat-Holzdach&#8221; _builder_version=&#8221;4.24.2&#8243; _module_preset=&#8221;default&#8221; global_colors_info=&#8221;{}&#8221;][\/et_pb_image][\/et_pb_column][et_pb_column type=&#8221;1_4&#8243; _builder_version=&#8221;4.24.2&#8243; _module_preset=&#8221;default&#8221; global_colors_info=&#8221;{}&#8221;][et_pb_image src=&#8221;https:\/\/www.mastehabitat.it\/wp-content\/uploads\/sites\/22\/2024\/03\/maste-habitat_LEGNO_soopraelevazioni-2.jpg&#8221; alt=&#8221;Master-Lebensraum HOLZ \u00dcberh\u00f6hungen-2&#8243; title_text=&#8221;Master-Lebensraum HOLZ \u00dcberh\u00f6hungen-2&#8243; _builder_version=&#8221;4.24.2&#8243; _module_preset=&#8221;default&#8221; global_colors_info=&#8221;{}&#8221;][\/et_pb_image][\/et_pb_column][\/et_pb_row][et_pb_row column_structure=&#8221;1_2,1_4,1_4&#8243; _builder_version=&#8221;4.24.2&#8243; _module_preset=&#8221;default&#8221; locked=&#8221;off&#8221; global_colors_info=&#8221;{}&#8221;][et_pb_column type=&#8221;1_2&#8243; _builder_version=&#8221;4.24.2&#8243; _module_preset=&#8221;default&#8221; global_colors_info=&#8221;{}&#8221;][et_pb_blurb title=&#8221;Steinarbeiten&#8221; use_icon=&#8221;on&#8221; font_icon=&#8221;&#x39;||divi||400&#8243; icon_color=&#8221;#FFF109&#8243; icon_placement=&#8221;left&#8221; image_icon_width=&#8221;56px&#8221; content_max_width=&#8221;1100px&#8221; module_id=&#8221;opere-in-pietra&#8221; _builder_version=&#8221;4.24.2&#8243; header_font=&#8221;Rubik|700|||||||&#8221; header_font_size=&#8221;20px&#8221; header_line_height=&#8221;1.4em&#8221; body_font=&#8221;||||||||&#8221; body_line_height=&#8221;1.8em&#8221; custom_margin=&#8221;|||&#8221; custom_padding=&#8221;|||&#8221; animation_style=&#8221;slide&#8221; animation_direction=&#8221;right&#8221; animation_intensity_slide=&#8221;10%&#8221; animation=&#8221;off&#8221; image_max_width=&#8221;64px&#8221; global_colors_info=&#8221;{}&#8221;]<\/p>\n<p>Wir verbessern das Erscheinungsbild und die Funktionalit\u00e4t von Geb\u00e4uden, indem wir Fassaden und Au\u00dfenr\u00e4ume mit Marmorkonturen von T\u00fcren und Fenstern, Steinb\u00f6den f\u00fcr Innen- und Au\u00dfenbereiche sowie Treppenbel\u00e4gen pflegen.<\/p>\n<p>[\/et_pb_blurb][\/et_pb_column][et_pb_column type=&#8221;1_4&#8243; _builder_version=&#8221;4.24.2&#8243; _module_preset=&#8221;default&#8221; global_colors_info=&#8221;{}&#8221;][et_pb_image src=&#8221;https:\/\/www.mastehabitat.it\/wp-content\/uploads\/sites\/22\/2024\/03\/maste-habitat_PIETRA_pavimentazioni-in-pietra.jpg&#8221; alt=&#8221;Master-Habitat STONE Steinpflaster&#8221; title_text=&#8221;Master-Habitat STONE Steinpflaster&#8221; _builder_version=&#8221;4.24.2&#8243; _module_preset=&#8221;default&#8221; global_colors_info=&#8221;{}&#8221;][\/et_pb_image][\/et_pb_column][et_pb_column type=&#8221;1_4&#8243; _builder_version=&#8221;4.24.2&#8243; _module_preset=&#8221;default&#8221; global_colors_info=&#8221;{}&#8221;][et_pb_image src=&#8221;https:\/\/www.mastehabitat.it\/wp-content\/uploads\/sites\/22\/2024\/03\/maste-habitat_PIETRA_rivestimenti-scale.jpg&#8221; alt=&#8221;Master-Wohnraum STONE-Bel\u00e4ge-Treppe&#8221; title_text=&#8221;Master-Wohnraum STONE-Bel\u00e4ge-Treppe&#8221; _builder_version=&#8221;4.24.2&#8243; _module_preset=&#8221;default&#8221; global_colors_info=&#8221;{}&#8221;][\/et_pb_image][\/et_pb_column][\/et_pb_row][et_pb_row column_structure=&#8221;1_2,1_4,1_4&#8243; _builder_version=&#8221;4.24.2&#8243; _module_preset=&#8221;default&#8221; locked=&#8221;off&#8221; global_colors_info=&#8221;{}&#8221;][et_pb_column type=&#8221;1_2&#8243; _builder_version=&#8221;4.24.2&#8243; _module_preset=&#8221;default&#8221; global_colors_info=&#8221;{}&#8221;][et_pb_blurb title=&#8221;Graben&#8221; use_icon=&#8221;on&#8221; font_icon=&#8221;&#x39;||divi||400&#8243; icon_color=&#8221;#FFF109&#8243; icon_placement=&#8221;left&#8221; image_icon_width=&#8221;56px&#8221; content_max_width=&#8221;1100px&#8221; content_max_width_tablet=&#8221;1100px&#8221; content_max_width_last_edited=&#8221;off|desktop&#8221; module_id=&#8221;scavi&#8221; _builder_version=&#8221;4.24.2&#8243; header_font=&#8221;Rubik|700|||||||&#8221; header_font_size=&#8221;20px&#8221; header_line_height=&#8221;1.4em&#8221; body_font=&#8221;||||||||&#8221; body_line_height=&#8221;1.8em&#8221; custom_margin=&#8221;|||&#8221; custom_padding=&#8221;|||&#8221; animation_style=&#8221;slide&#8221; animation_direction=&#8221;right&#8221; animation_intensity_slide=&#8221;10%&#8221; animation=&#8221;off&#8221; icon_font_size=&#8221;56px&#8221; global_colors_info=&#8221;{}&#8221;]<\/p>\n<p>Aushubarbeiten f\u00fcr den Bau externer Anlagenleitungen, Installation von Kl\u00e4rgruben, undichten Brunnen und Aushubarbeiten f\u00fcr Schwimmb\u00e4der. Wir verf\u00fcgen \u00fcber die Mittel und die Ausr\u00fcstung, um auch in schwer zug\u00e4nglichen Kontexten t\u00e4tig zu werden.<\/p>\n<p>[\/et_pb_blurb][\/et_pb_column][et_pb_column type=&#8221;1_4&#8243; _builder_version=&#8221;4.24.2&#8243; _module_preset=&#8221;default&#8221; global_colors_info=&#8221;{}&#8221;][et_pb_image src=&#8221;https:\/\/www.mastehabitat.it\/wp-content\/uploads\/sites\/22\/2024\/03\/maste-habitat_SCAVI_difficile-accessibilita.jpg&#8221; alt=&#8221;Master-Lebensraum AUSGRABUNG schwer zug\u00e4nglich&#8221; title_text=&#8221;Master-Lebensraum AUSGRABUNG schwer zug\u00e4nglich&#8221; _builder_version=&#8221;4.24.2&#8243; _module_preset=&#8221;default&#8221; global_colors_info=&#8221;{}&#8221;][\/et_pb_image][\/et_pb_column][et_pb_column type=&#8221;1_4&#8243; _builder_version=&#8221;4.24.2&#8243; _module_preset=&#8221;default&#8221; global_colors_info=&#8221;{}&#8221;][et_pb_image src=&#8221;https:\/\/www.mastehabitat.it\/wp-content\/uploads\/sites\/22\/2024\/03\/maste-habitat_SCAVI_linee-impiantistiche.jpg&#8221; alt=&#8221;Master-Lebensraum AUSGRABUNG schwer zug\u00e4nglich&#8221; title_text=&#8221;Master-Habitat AUSGRABUNGEN Pflanzenlinien&#8221; _builder_version=&#8221;4.24.2&#8243; _module_preset=&#8221;default&#8221; global_colors_info=&#8221;{}&#8221;][\/et_pb_image][\/et_pb_column][\/et_pb_row][et_pb_row _builder_version=&#8221;4.24.2&#8243; _module_preset=&#8221;default&#8221; global_colors_info=&#8221;{}&#8221;][et_pb_column type=&#8221;4_4&#8243; _builder_version=&#8221;4.24.2&#8243; _module_preset=&#8221;default&#8221; global_colors_info=&#8221;{}&#8221;][et_pb_button button_url=&#8221;https:\/\/www.mastehabitat.it\/de\/erfolge\/&#8221; button_text=&#8221;Erfolge&#8221; button_alignment=&#8221;center&#8221; _builder_version=&#8221;4.24.2&#8243; custom_button=&#8221;on&#8221; button_text_size=&#8221;14px&#8221; button_text_color=&#8221;#2a2a2a&#8221; button_border_width=&#8221;4px&#8221; button_border_radius=&#8221;0px&#8221; button_letter_spacing=&#8221;4px&#8221; button_font=&#8221;Rubik|700||on|||||&#8221; button_icon=&#8221;&#x24;||divi||400&#8243; custom_margin=&#8221;|||&#8221; custom_padding=&#8221;12px|30px|12px|30px|true|true&#8221; hover_enabled=&#8221;0&#8243; button_text_color_hover=&#8221;#ffffff&#8221; button_border_color_hover=&#8221;#2a2a2a&#8221; button_bg_color_hover=&#8221;#2a2a2a&#8221; locked=&#8221;off&#8221; global_colors_info=&#8221;{}&#8221; button_text_size__hover_enabled=&#8221;off&#8221; button_one_text_size__hover_enabled=&#8221;off&#8221; button_two_text_size__hover_enabled=&#8221;off&#8221; button_text_color__hover_enabled=&#8221;on&#8221; button_text_color__hover=&#8221;#ffffff&#8221; button_one_text_color__hover_enabled=&#8221;off&#8221; button_two_text_color__hover_enabled=&#8221;off&#8221; button_border_width__hover_enabled=&#8221;off&#8221; button_one_border_width__hover_enabled=&#8221;off&#8221; button_two_border_width__hover_enabled=&#8221;off&#8221; button_border_color__hover_enabled=&#8221;on&#8221; button_border_color__hover=&#8221;#2a2a2a&#8221; button_one_border_color__hover_enabled=&#8221;off&#8221; button_two_border_color__hover_enabled=&#8221;off&#8221; button_border_radius__hover_enabled=&#8221;off&#8221; button_one_border_radius__hover_enabled=&#8221;off&#8221; button_two_border_radius__hover_enabled=&#8221;off&#8221; button_letter_spacing__hover_enabled=&#8221;off&#8221; button_one_letter_spacing__hover_enabled=&#8221;off&#8221; button_two_letter_spacing__hover_enabled=&#8221;off&#8221; button_bg_color__hover_enabled=&#8221;on&#8221; button_bg_color__hover=&#8221;#2a2a2a&#8221; button_one_bg_color__hover_enabled=&#8221;off&#8221; button_two_bg_color__hover_enabled=&#8221;off&#8221; sticky_enabled=&#8221;0&#8243;][\/et_pb_button][\/et_pb_column][\/et_pb_row][\/et_pb_section][et_pb_section fb_built=&#8221;1&#8243; admin_label=&#8221;Testimonials&#8221; _builder_version=&#8221;4.24.2&#8243; background_color=&#8221;#FFF109&#8243; custom_padding=&#8221;0px||0px||true|false&#8221; global_module=&#8221;918&#8243; saved_tabs=&#8221;all&#8221; locked=&#8221;off&#8221; global_colors_info=&#8221;{}&#8221;][et_pb_row column_structure=&#8221;1_4,1_4,1_2&#8243; _builder_version=&#8221;4.24.2&#8243; custom_padding=&#8221;||20px||false|false&#8221; locked=&#8221;off&#8221; global_colors_info=&#8221;{}&#8221;][et_pb_column type=&#8221;1_4&#8243; _builder_version=&#8221;4.16&#8243; custom_padding=&#8221;|||&#8221; global_colors_info=&#8221;{}&#8221; custom_padding__hover=&#8221;|||&#8221;][et_pb_image src=&#8221;https:\/\/www.mastehabitat.it\/wp-content\/uploads\/sites\/22\/2024\/03\/logo-mastehabitat_220.jpg&#8221; alt=&#8221;maste habitat rustikale Renovierung&#8221; title_text=&#8221;maste habitat rustikale Renovierung&#8221; _builder_version=&#8221;4.24.2&#8243; _module_preset=&#8221;default&#8221; custom_margin=&#8221;||||false|false&#8221; custom_padding=&#8221;||||false|false&#8221; global_colors_info=&#8221;{}&#8221;][\/et_pb_image][\/et_pb_column][et_pb_column type=&#8221;1_4&#8243; _builder_version=&#8221;4.16&#8243; custom_padding=&#8221;|||&#8221; global_colors_info=&#8221;{}&#8221; custom_padding__hover=&#8221;|||&#8221;][et_pb_blurb title=&#8221;info@mastehabitat.it&#8221; use_icon=&#8221;on&#8221; font_icon=&#8221;&#xe076;||divi||400&#8243; icon_placement=&#8221;left&#8221; image_icon_width=&#8221;18px&#8221; content_max_width=&#8221;1100px&#8221; _builder_version=&#8221;4.24.2&#8243; header_font=&#8221;Rubik|600|||||||&#8221; header_font_size=&#8221;16px&#8221; header_line_height=&#8221;1.2em&#8221; body_font=&#8221;||||||||&#8221; module_alignment=&#8221;center&#8221; custom_margin=&#8221;5px||5px||true|false&#8221; animation=&#8221;off&#8221; icon_font_size=&#8221;18px&#8221; locked=&#8221;off&#8221; global_colors_info=&#8221;{}&#8221;][\/et_pb_blurb][et_pb_blurb title=&#8221;+39 348 0642133&#8243; url=&#8221;tel:+393480642133&#8243; use_icon=&#8221;on&#8221; font_icon=&#8221;&#xf3cd;||fa||900&#8243; icon_placement=&#8221;left&#8221; image_icon_width=&#8221;18px&#8221; content_max_width=&#8221;1100px&#8221; _builder_version=&#8221;4.24.2&#8243; header_font=&#8221;Rubik|600|||||||&#8221; header_font_size=&#8221;16px&#8221; header_line_height=&#8221;1.2em&#8221; body_font=&#8221;||||||||&#8221; body_text_color=&#8221;#282525&#8243; body_link_font=&#8221;Rubik|600|||||||&#8221; body_link_text_color=&#8221;#282525&#8243; module_alignment=&#8221;center&#8221; custom_margin=&#8221;5px||5px||true|false&#8221; animation=&#8221;off&#8221; link_option_url=&#8221;tel:+393480642133&#8243; icon_font_size=&#8221;18px&#8221; locked=&#8221;off&#8221; global_colors_info=&#8221;{}&#8221;][\/et_pb_blurb][et_pb_blurb title=&#8221;+39 045 6573150&#8243; url=&#8221;tel:+390456573150&#8243; use_icon=&#8221;on&#8221; font_icon=&#8221;&#xe090;||divi||400&#8243; icon_placement=&#8221;left&#8221; image_icon_width=&#8221;18px&#8221; content_max_width=&#8221;1100px&#8221; _builder_version=&#8221;4.24.2&#8243; header_font=&#8221;Rubik|600|||||||&#8221; header_font_size=&#8221;16px&#8221; header_line_height=&#8221;1.2em&#8221; body_font=&#8221;||||||||&#8221; module_alignment=&#8221;center&#8221; custom_margin=&#8221;5px||5px||true|false&#8221; animation=&#8221;off&#8221; link_option_url=&#8221;tel:+390456573150&#8243; icon_font_size=&#8221;18px&#8221; locked=&#8221;off&#8221; global_colors_info=&#8221;{}&#8221;][\/et_pb_blurb][\/et_pb_column][et_pb_column type=&#8221;1_2&#8243; _builder_version=&#8221;4.16&#8243; custom_padding=&#8221;|||&#8221; global_colors_info=&#8221;{}&#8221; custom_padding__hover=&#8221;|||&#8221;][et_pb_blurb title=&#8221;Via Ospedaletto, 21 &#8211; 37026 Pescantina (VR)&#8221; use_icon=&#8221;on&#8221; font_icon=&#8221;&#xe081;||divi||400&#8243; icon_placement=&#8221;left&#8221; image_icon_width=&#8221;18px&#8221; content_max_width=&#8221;1100px&#8221; _builder_version=&#8221;4.24.2&#8243; header_font=&#8221;Rubik|600|||||||&#8221; header_font_size=&#8221;16px&#8221; header_line_height=&#8221;1.2em&#8221; body_font=&#8221;||||||||&#8221; module_alignment=&#8221;center&#8221; custom_margin=&#8221;5px||5px||true|false&#8221; animation=&#8221;off&#8221; icon_font_size=&#8221;18px&#8221; locked=&#8221;off&#8221; global_colors_info=&#8221;{}&#8221;][\/et_pb_blurb][et_pb_blurb title=&#8221;P.IVA 04159790239&#8243; use_icon=&#8221;on&#8221; font_icon=&#8221;&#xf2bd;||fa||400&#8243; icon_placement=&#8221;left&#8221; image_icon_width=&#8221;18px&#8221; content_max_width=&#8221;1100px&#8221; _builder_version=&#8221;4.24.2&#8243; header_font=&#8221;Rubik|600|||||||&#8221; header_font_size=&#8221;16px&#8221; header_line_height=&#8221;1.2em&#8221; body_font=&#8221;||||||||&#8221; module_alignment=&#8221;center&#8221; custom_margin=&#8221;5px||5px||true|false&#8221; animation=&#8221;off&#8221; icon_font_size=&#8221;18px&#8221; locked=&#8221;off&#8221; global_colors_info=&#8221;{}&#8221;][\/et_pb_blurb][et_pb_blurb title=&#8221;C.F. 04159790239&#8243; use_icon=&#8221;on&#8221; font_icon=&#8221;&#xf2bd;||fa||900&#8243; icon_placement=&#8221;left&#8221; image_icon_width=&#8221;18px&#8221; content_max_width=&#8221;1100px&#8221; _builder_version=&#8221;4.24.2&#8243; header_font=&#8221;Rubik|600|||||||&#8221; header_font_size=&#8221;16px&#8221; header_line_height=&#8221;1.2em&#8221; body_font=&#8221;||||||||&#8221; module_alignment=&#8221;center&#8221; custom_margin=&#8221;5px||5px||true|false&#8221; animation=&#8221;off&#8221; icon_font_size=&#8221;18px&#8221; locked=&#8221;off&#8221; global_colors_info=&#8221;{}&#8221;][\/et_pb_blurb][\/et_pb_column][\/et_pb_row][\/et_pb_section]<\/p>\n","protected":false},"excerpt":{"rendered":"<p>Unsere DienstleistungenWir verwenden dieses traditionelle Bausystem f\u00fcr die Sanierung von Trennw\u00e4nden, tragenden W\u00e4nden und B\u00f6den in Kontexten, in denen diese Typologie bereits vorhanden ist.Es k\u00f6nnen interne Trennw\u00e4nde, isolierte Zwischenw\u00e4nde, Zwischendecken und dekorative Gipskartonschleier erstellt werden. Dieses System wird normalerweise aufgrund seiner Geschwindigkeit und Sauberkeit in der Ausf\u00fchrung bevorzugt.Tragkonstruktionen aus Stahlbeton f\u00fcr den Bau von Schwimmbeckenb\u00f6den, [&hellip;]<\/p>\n","protected":false},"author":2,"featured_media":0,"parent":0,"menu_order":0,"comment_status":"closed","ping_status":"closed","template":"","meta":{"_et_pb_use_builder":"on","_et_pb_old_content":"","_et_gb_content_width":"","footnotes":""},"class_list":["post-2666","page","type-page","status-publish","hentry"],"_links":{"self":[{"href":"https:\/\/www.mastehabitat.it\/wp-json\/wp\/v2\/pages\/2666","targetHints":{"allow":["GET"]}}],"collection":[{"href":"https:\/\/www.mastehabitat.it\/wp-json\/wp\/v2\/pages"}],"about":[{"href":"https:\/\/www.mastehabitat.it\/wp-json\/wp\/v2\/types\/page"}],"author":[{"embeddable":true,"href":"https:\/\/www.mastehabitat.it\/wp-json\/wp\/v2\/users\/2"}],"replies":[{"embeddable":true,"href":"https:\/\/www.mastehabitat.it\/wp-json\/wp\/v2\/comments?post=2666"}],"version-history":[{"count":0,"href":"https:\/\/www.mastehabitat.it\/wp-json\/wp\/v2\/pages\/2666\/revisions"}],"wp:attachment":[{"href":"https:\/\/www.mastehabitat.it\/wp-json\/wp\/v2\/media?parent=2666"}],"curies":[{"name":"wp","href":"https:\/\/api.w.org\/{rel}","templated":true}]}}