{"id":2674,"date":"2024-02-23T13:18:23","date_gmt":"2024-02-23T12:18:23","guid":{"rendered":"https:\/\/www.mastehabitat.it\/schluesselfertige-sanierungen\/"},"modified":"2024-04-19T21:53:17","modified_gmt":"2024-04-19T19:53:17","slug":"schluesselfertige-sanierungen","status":"publish","type":"page","link":"https:\/\/www.mastehabitat.it\/de\/schluesselfertige-sanierungen\/","title":{"rendered":"Schl\u00fcsselfertige Sanierungen"},"content":{"rendered":"<p>[et_pb_section fb_built=&#8221;1&#8243; admin_label=&#8221;Hero&#8221; _builder_version=&#8221;4.24.2&#8243; use_background_color_gradient=&#8221;on&#8221; background_color_gradient_type=&#8221;circular&#8221; background_color_gradient_direction_radial=&#8221;top left&#8221; background_color_gradient_stops=&#8221;rgba(40,40,40,0.53) 0%|rgba(40,40,40,0.7) 100%&#8221; background_color_gradient_overlays_image=&#8221;on&#8221; background_color_gradient_start=&#8221;rgba(40,40,40,0.79)&#8221; background_color_gradient_end=&#8221;rgba(40,40,40,0.86)&#8221; background_image=&#8221;https:\/\/www.mastehabitat.it\/wp-content\/uploads\/sites\/22\/2024\/03\/Ristrutturazioni_fascia-nera-alta1.jpg&#8221; custom_margin=&#8221;||||false&#8221; custom_padding=&#8221;3vw||3vw||true|false&#8221; global_colors_info=&#8221;{}&#8221;][et_pb_row _builder_version=&#8221;4.24.0&#8243; global_colors_info=&#8221;{}&#8221;][et_pb_column type=&#8221;4_4&#8243; _builder_version=&#8221;4.16&#8243; custom_padding=&#8221;|||&#8221; global_colors_info=&#8221;{}&#8221; custom_padding__hover=&#8221;|||&#8221;][et_pb_text _builder_version=&#8221;4.24.2&#8243; text_font=&#8221;||||||||&#8221; header_font=&#8221;Rubik|700|||||||&#8221; header_font_size=&#8221;62px&#8221; header_line_height=&#8221;1.1em&#8221; background_layout=&#8221;dark&#8221; max_width=&#8221;98%&#8221; custom_margin=&#8221;||20px||false|false&#8221; custom_padding=&#8221;|||16px&#8221; header_font_size_tablet=&#8221;44px&#8221; header_font_size_phone=&#8221;30px&#8221; header_font_size_last_edited=&#8221;on|phone&#8221; border_color_all=&#8221;#ffb400&#8243; border_width_left=&#8221;10px&#8221; border_color_left=&#8221;#FFF109&#8243; global_colors_info=&#8221;{}&#8221;]<\/p>\n<h1>Schl\u00fcsselfertige Sanierungen<\/h1>\n<p>[\/et_pb_text][\/et_pb_column][\/et_pb_row][\/et_pb_section][et_pb_section fb_built=&#8221;1&#8243; admin_label=&#8221;About Us&#8221; _builder_version=&#8221;4.16&#8243; global_colors_info=&#8221;{}&#8221;][et_pb_row _builder_version=&#8221;4.16&#8243; global_colors_info=&#8221;{}&#8221;][et_pb_column type=&#8221;4_4&#8243; _builder_version=&#8221;4.16&#8243; custom_padding=&#8221;|||&#8221; global_colors_info=&#8221;{}&#8221; custom_padding__hover=&#8221;|||&#8221;][et_pb_text _builder_version=&#8221;4.24.0&#8243; text_font=&#8221;||||||||&#8221; text_line_height=&#8221;1.8em&#8221; custom_padding=&#8221;|||&#8221; custom_padding_tablet=&#8221;|40px||40px||true&#8221; custom_padding_last_edited=&#8221;off|desktop&#8221; global_colors_info=&#8221;{}&#8221;]<\/p>\n<p>Schl\u00fcsselfertige Renovierungen sind der Traum eines jeden Eigent\u00fcmers, insbesondere f\u00fcr diejenigen, die in einer anderen Provinz oder im Ausland leben.<br \/>Die M\u00f6glichkeit, sich an einen einzigen Ansprechpartner wenden zu k\u00f6nnen, ein spezialisiertes und zuverl\u00e4ssiges Bauunternehmen, mit dem der Planer oder Kunde in Kontakt treten kann und das ein Ergebnis ohne unerwartete Budgetereignisse und innerhalb der Fristen garantiert, macht den echten Unterschied bei der Renovierung einer Immobilie aus.<\/p>\n<p>Der Gespr\u00e4chspartner wird einzigartig sein und f\u00fcr die Bew\u00e4ltigung von Interferenzen oder \u00dcberschneidungen zwischen den Prozessen und den verschiedenen beteiligten Personen verantwortlich sein, ohne den Kunden von der Wahl jedes Details auszuschlie\u00dfen.<\/p>\n<p>MASTE HABITAT, ein Bauunternehmen am Gardasee, ist darauf spezialisiert und bietet seit Jahren einen kompletten und garantiert schl\u00fcsselfertigen Service an.<\/p>\n<p>[\/et_pb_text][et_pb_text _builder_version=&#8221;4.24.0&#8243; text_font=&#8221;||||||||&#8221; text_line_height=&#8221;1.8em&#8221; custom_padding=&#8221;|||&#8221; custom_padding_tablet=&#8221;|40px||40px||true&#8221; custom_padding_last_edited=&#8221;off|desktop&#8221; global_colors_info=&#8221;{}&#8221;]<\/p>\n<p><strong>So entsteht unser TURNKEY-Service:<\/strong><\/p>\n<p>[\/et_pb_text][\/et_pb_column][\/et_pb_row][et_pb_row column_structure=&#8221;2_3,1_3&#8243; _builder_version=&#8221;4.24.2&#8243; _module_preset=&#8221;default&#8221; global_colors_info=&#8221;{}&#8221;][et_pb_column type=&#8221;2_3&#8243; _builder_version=&#8221;4.24.2&#8243; _module_preset=&#8221;default&#8221; global_colors_info=&#8221;{}&#8221;][et_pb_blurb title=&#8221;Ortsbegehung&#8221; use_icon=&#8221;on&#8221; font_icon=&#8221;&#x39;||divi||400&#8243; icon_color=&#8221;#FFF109&#8243; icon_placement=&#8221;left&#8221; image_icon_width=&#8221;56px&#8221; content_max_width=&#8221;1100px&#8221; _builder_version=&#8221;4.24.2&#8243; header_font=&#8221;Rubik|700|||||||&#8221; header_font_size=&#8221;20px&#8221; header_line_height=&#8221;1.4em&#8221; body_font=&#8221;||||||||&#8221; body_line_height=&#8221;1.8em&#8221; custom_margin=&#8221;|||&#8221; custom_padding=&#8221;|||&#8221; animation_style=&#8221;slide&#8221; animation_direction=&#8221;right&#8221; animation_intensity_slide=&#8221;10%&#8221; animation=&#8221;off&#8221; icon_font_size=&#8221;56px&#8221; global_colors_info=&#8221;{}&#8221;]<\/p>\n<p>Alles beginnt mit einer kostenlosen Besichtigung und der Definition der Kundenw\u00fcnsche.<\/p>\n<p>Die Inspektion ist der entscheidende Ausgangspunkt, um die Bed\u00fcrfnisse und das Potenzial Ihres Projekts vollst\u00e4ndig zu verstehen. Mit unserem fachkundigen und engagierten Team f\u00fchren wir eine detaillierte Analyse des Standorts durch und bewerten jeden technischen und \u00e4sthetischen Aspekt, um eine einwandfreie Umsetzung zu gew\u00e4hrleisten.<\/p>\n<p>Vertrauen Sie uns f\u00fcr eine professionelle Inspektion, die die Umsetzung Ihres Projekts in die Realit\u00e4t einleitet.<\/p>\n<p>[\/et_pb_blurb][\/et_pb_column][et_pb_column type=&#8221;1_3&#8243; _builder_version=&#8221;4.24.2&#8243; _module_preset=&#8221;default&#8221; global_colors_info=&#8221;{}&#8221;][et_pb_image src=&#8221;https:\/\/www.mastehabitat.it\/wp-content\/uploads\/sites\/22\/2024\/03\/1_sopralluoogo.jpg&#8221; title_text=&#8221;1_Inspektion&#8221; _builder_version=&#8221;4.24.2&#8243; _module_preset=&#8221;default&#8221; global_colors_info=&#8221;{}&#8221;][\/et_pb_image][\/et_pb_column][\/et_pb_row][et_pb_row column_structure=&#8221;2_3,1_3&#8243; _builder_version=&#8221;4.24.2&#8243; _module_preset=&#8221;default&#8221; global_colors_info=&#8221;{}&#8221;][et_pb_column type=&#8221;2_3&#8243; _builder_version=&#8221;4.24.2&#8243; _module_preset=&#8221;default&#8221; global_colors_info=&#8221;{}&#8221;][et_pb_blurb title=&#8221;Vorbeugend&#8221; use_icon=&#8221;on&#8221; font_icon=&#8221;&#x39;||divi||400&#8243; icon_color=&#8221;#FFF109&#8243; icon_placement=&#8221;left&#8221; image_icon_width=&#8221;56px&#8221; content_max_width=&#8221;1100px&#8221; _builder_version=&#8221;4.24.0&#8243; header_font=&#8221;Rubik|700|||||||&#8221; header_font_size=&#8221;20px&#8221; header_line_height=&#8221;1.4em&#8221; body_font=&#8221;||||||||&#8221; body_line_height=&#8221;1.8em&#8221; custom_margin=&#8221;|||&#8221; custom_padding=&#8221;|||&#8221; animation_style=&#8221;slide&#8221; animation_direction=&#8221;right&#8221; animation_intensity_slide=&#8221;10%&#8221; animation=&#8221;off&#8221; icon_font_size=&#8221;56px&#8221; global_colors_info=&#8221;{}&#8221;]<\/p>\n<p>In dieser Phase wird der Kostenvoranschlag erstellt, der m\u00f6glicherweise nur auf der Inspektion oder auf der vom Kunden bereitgestellten Dokumentation basiert.<\/p>\n<p>Bei Bedarf \u00fcberarbeiten wir die erhaltenen technischen Zeichnungen und arbeiten mit den vom Kunden beauftragten Fachleuten zusammen, um vor Beginn der Arbeiten vollst\u00e4ndige Kostenvoranschl\u00e4ge zu erstellen und eine klare Grundlage zu schaffen.<\/p>\n<p>[\/et_pb_blurb][\/et_pb_column][et_pb_column type=&#8221;1_3&#8243; _builder_version=&#8221;4.24.2&#8243; _module_preset=&#8221;default&#8221; global_colors_info=&#8221;{}&#8221;][et_pb_image src=&#8221;https:\/\/www.mastehabitat.it\/wp-content\/uploads\/sites\/22\/2024\/03\/2_preventivo.jpg&#8221; title_text=&#8221;2_Zitat&#8221; _builder_version=&#8221;4.24.2&#8243; _module_preset=&#8221;default&#8221; global_colors_info=&#8221;{}&#8221;][\/et_pb_image][\/et_pb_column][\/et_pb_row][et_pb_row column_structure=&#8221;2_3,1_3&#8243; _builder_version=&#8221;4.24.2&#8243; _module_preset=&#8221;default&#8221; global_colors_info=&#8221;{}&#8221;][et_pb_column type=&#8221;2_3&#8243; _builder_version=&#8221;4.24.2&#8243; _module_preset=&#8221;default&#8221; global_colors_info=&#8221;{}&#8221;][et_pb_blurb title=&#8221;Auswahl an Materialien und Zubeh\u00f6r&#8221; use_icon=&#8221;on&#8221; font_icon=&#8221;&#x39;||divi||400&#8243; icon_color=&#8221;#FFF109&#8243; icon_placement=&#8221;left&#8221; image_icon_width=&#8221;56px&#8221; content_max_width=&#8221;1100px&#8221; _builder_version=&#8221;4.24.0&#8243; header_font=&#8221;Rubik|700|||||||&#8221; header_font_size=&#8221;20px&#8221; header_line_height=&#8221;1.4em&#8221; body_font=&#8221;||||||||&#8221; body_line_height=&#8221;1.8em&#8221; custom_margin=&#8221;|||&#8221; custom_padding=&#8221;|||&#8221; animation_style=&#8221;slide&#8221; animation_direction=&#8221;right&#8221; animation_intensity_slide=&#8221;10%&#8221; animation=&#8221;off&#8221; icon_font_size=&#8221;56px&#8221; global_colors_info=&#8221;{}&#8221;]<\/p>\n<p>Anschlie\u00dfend legen wir die Bauzeiten fest und w\u00e4hlen die B\u00f6den, Bel\u00e4ge, Badezimmereinrichtungen, dekorativen Effekte sowie Fenster- und T\u00fcroberfl\u00e4chen aus. Der Kunde wird bei der Auswahl durch Bemusterungen unterst\u00fctzt oder zu vertrauensw\u00fcrdigen Ausstellungsr\u00e4umen begleitet: Wir nutzen die besten Fertigungsbetriebe, um einen sehr hohen Standard zu gew\u00e4hrleisten.<\/p>\n<p>[\/et_pb_blurb][\/et_pb_column][et_pb_column type=&#8221;1_3&#8243; _builder_version=&#8221;4.24.2&#8243; _module_preset=&#8221;default&#8221; global_colors_info=&#8221;{}&#8221;][et_pb_image src=&#8221;https:\/\/www.mastehabitat.it\/wp-content\/uploads\/sites\/22\/2024\/03\/3_scelta-materiali-e-fornitura.jpg&#8221; title_text=&#8221;3_Auswahl-von-Materialien-und-Lieferung&#8221; _builder_version=&#8221;4.24.2&#8243; _module_preset=&#8221;default&#8221; global_colors_info=&#8221;{}&#8221;][\/et_pb_image][\/et_pb_column][\/et_pb_row][et_pb_row column_structure=&#8221;2_3,1_3&#8243; _builder_version=&#8221;4.24.2&#8243; _module_preset=&#8221;default&#8221; global_colors_info=&#8221;{}&#8221;][et_pb_column type=&#8221;2_3&#8243; _builder_version=&#8221;4.24.2&#8243; _module_preset=&#8221;default&#8221; global_colors_info=&#8221;{}&#8221;][et_pb_blurb title=&#8221;Fortschritt auf der Baustelle&#8221; use_icon=&#8221;on&#8221; font_icon=&#8221;&#x39;||divi||400&#8243; icon_color=&#8221;#FFF109&#8243; icon_placement=&#8221;left&#8221; image_icon_width=&#8221;56px&#8221; content_max_width=&#8221;1100px&#8221; _builder_version=&#8221;4.24.0&#8243; header_font=&#8221;Rubik|700|||||||&#8221; header_font_size=&#8221;20px&#8221; header_line_height=&#8221;1.4em&#8221; body_font=&#8221;||||||||&#8221; body_line_height=&#8221;1.8em&#8221; custom_margin=&#8221;|||&#8221; custom_padding=&#8221;|||&#8221; animation_style=&#8221;slide&#8221; animation_direction=&#8221;right&#8221; animation_intensity_slide=&#8221;10%&#8221; animation=&#8221;off&#8221; icon_font_size=&#8221;56px&#8221; global_colors_info=&#8221;{}&#8221;]<\/p>\n<p>Sobald die Arbeiten begonnen haben, kann sich der Kunde entspannen und muss nicht an die Baustelle denken, da die Arbeiter von unserem Unternehmen verwaltet werden, die Eingriffe synchronisiert werden und alle unerwarteten Ereignisse gemanagt werden, um die Einhaltung der vereinbarten Zeit- und Budgetvorgaben sicherzustellen.<\/p>\n<p>Dank des Einsatzes von festangestelltem Personal sind wir in der Lage, alle Arbeiten vom Aushub bis zur Dacheindeckung durchzuf\u00fchren und so eine schnelle Fertigstellung zu gew\u00e4hrleisten.<\/p>\n<p>[\/et_pb_blurb][\/et_pb_column][et_pb_column type=&#8221;1_3&#8243; _builder_version=&#8221;4.24.2&#8243; _module_preset=&#8221;default&#8221; global_colors_info=&#8221;{}&#8221;][et_pb_image src=&#8221;https:\/\/www.mastehabitat.it\/wp-content\/uploads\/sites\/22\/2024\/03\/4_svolgimento-cantiere.jpg&#8221; title_text=&#8221;4_Baustellenfortschritt&#8221; _builder_version=&#8221;4.24.2&#8243; _module_preset=&#8221;default&#8221; global_colors_info=&#8221;{}&#8221;][\/et_pb_image][\/et_pb_column][\/et_pb_row][et_pb_row column_structure=&#8221;2_3,1_3&#8243; _builder_version=&#8221;4.24.2&#8243; _module_preset=&#8221;default&#8221; global_colors_info=&#8221;{}&#8221;][et_pb_column type=&#8221;2_3&#8243; _builder_version=&#8221;4.24.2&#8243; _module_preset=&#8221;default&#8221; global_colors_info=&#8221;{}&#8221;][et_pb_blurb title=&#8221;Schl\u00fcssel\u00fcbergabe &#8221; use_icon=&#8221;on&#8221; font_icon=&#8221;&#x39;||divi||400&#8243; icon_color=&#8221;#FFF109&#8243; icon_placement=&#8221;left&#8221; image_icon_width=&#8221;56px&#8221; content_max_width=&#8221;1100px&#8221; _builder_version=&#8221;4.24.2&#8243; header_font=&#8221;Rubik|700|||||||&#8221; header_font_size=&#8221;20px&#8221; header_line_height=&#8221;1.4em&#8221; body_font=&#8221;||||||||&#8221; body_line_height=&#8221;1.8em&#8221; custom_margin=&#8221;|||&#8221; custom_padding=&#8221;|||&#8221; animation_style=&#8221;slide&#8221; animation_direction=&#8221;right&#8221; animation_intensity_slide=&#8221;10%&#8221; animation=&#8221;off&#8221; icon_font_size=&#8221;56px&#8221; global_colors_info=&#8221;{}&#8221;]<\/p>\n<p>Der Kunde muss es sich einfach bequem machen und seine neue Umgebung erleben, indem er die Einrichtung aufbaut und sein neues Zuhause genie\u00dft.<\/p>\n<p>[\/et_pb_blurb][\/et_pb_column][et_pb_column type=&#8221;1_3&#8243; _builder_version=&#8221;4.24.2&#8243; _module_preset=&#8221;default&#8221; global_colors_info=&#8221;{}&#8221;][et_pb_image src=&#8221;https:\/\/www.mastehabitat.it\/wp-content\/uploads\/sites\/22\/2024\/03\/5_chiavi-in-mano-1.jpg&#8221; title_text=&#8221;5_schl\u00fcsselfertig&#8221; _builder_version=&#8221;4.24.2&#8243; _module_preset=&#8221;default&#8221; global_colors_info=&#8221;{}&#8221;][\/et_pb_image][\/et_pb_column][\/et_pb_row][et_pb_row _builder_version=&#8221;4.24.2&#8243; global_colors_info=&#8221;{}&#8221;][et_pb_column type=&#8221;4_4&#8243; _builder_version=&#8221;4.16&#8243; custom_padding=&#8221;|||&#8221; global_colors_info=&#8221;{}&#8221; custom_padding__hover=&#8221;|||&#8221;][et_pb_text _builder_version=&#8221;4.24.2&#8243; _module_preset=&#8221;default&#8221; header_3_font=&#8221;Rubik|700|||||||&#8221; header_3_line_height=&#8221;1.4em&#8221; global_colors_info=&#8221;{}&#8221;]<\/p>\n<h3 style=\"text-align: center\">Sie haben ein Projekt und m\u00f6chten mit uns dar\u00fcber sprechen?<\/h3>\n<p>[\/et_pb_text][et_pb_button button_url=&#8221;https:\/\/www.mastehabitat.it\/de\/kontakte\/&#8221; button_text=&#8221;Fordern Sie eine Inspektion an&#8221; button_alignment=&#8221;center&#8221; _builder_version=&#8221;4.24.2&#8243; custom_button=&#8221;on&#8221; button_text_size=&#8221;14px&#8221; button_text_color=&#8221;#2a2a2a&#8221; button_border_width=&#8221;4px&#8221; button_border_radius=&#8221;0px&#8221; button_letter_spacing=&#8221;4px&#8221; button_font=&#8221;Rubik|700||on|||||&#8221; button_icon=&#8221;&#x24;||divi||400&#8243; custom_margin=&#8221;|||&#8221; custom_padding=&#8221;12px|30px|12px|30px|true|true&#8221; button_text_color_hover=&#8221;#ffffff&#8221; button_border_color_hover=&#8221;#2a2a2a&#8221; button_bg_color_hover=&#8221;#2a2a2a&#8221; locked=&#8221;off&#8221; global_colors_info=&#8221;{}&#8221; button_text_size__hover_enabled=&#8221;off&#8221; button_one_text_size__hover_enabled=&#8221;off&#8221; button_two_text_size__hover_enabled=&#8221;off&#8221; button_text_color__hover_enabled=&#8221;on&#8221; button_text_color__hover=&#8221;#ffffff&#8221; button_one_text_color__hover_enabled=&#8221;off&#8221; button_two_text_color__hover_enabled=&#8221;off&#8221; button_border_width__hover_enabled=&#8221;off&#8221; button_one_border_width__hover_enabled=&#8221;off&#8221; button_two_border_width__hover_enabled=&#8221;off&#8221; button_border_color__hover_enabled=&#8221;on&#8221; button_border_color__hover=&#8221;#2a2a2a&#8221; button_one_border_color__hover_enabled=&#8221;off&#8221; button_two_border_color__hover_enabled=&#8221;off&#8221; button_border_radius__hover_enabled=&#8221;off&#8221; button_one_border_radius__hover_enabled=&#8221;off&#8221; button_two_border_radius__hover_enabled=&#8221;off&#8221; button_letter_spacing__hover_enabled=&#8221;off&#8221; button_one_letter_spacing__hover_enabled=&#8221;off&#8221; button_two_letter_spacing__hover_enabled=&#8221;off&#8221; button_bg_color__hover_enabled=&#8221;on&#8221; button_bg_color__hover=&#8221;#2a2a2a&#8221; button_one_bg_color__hover_enabled=&#8221;off&#8221; button_two_bg_color__hover_enabled=&#8221;off&#8221;][\/et_pb_button][et_pb_button button_url=&#8221;https:\/\/www.mastehabitat.it\/de\/erfolge\/&#8221; button_text=&#8221;Erfolge&#8221; button_alignment=&#8221;center&#8221; disabled_on=&#8221;off|on|on&#8221; _builder_version=&#8221;4.24.2&#8243; custom_button=&#8221;on&#8221; button_text_size=&#8221;14px&#8221; button_text_color=&#8221;#2a2a2a&#8221; button_border_width=&#8221;4px&#8221; button_border_radius=&#8221;0px&#8221; button_letter_spacing=&#8221;4px&#8221; button_font=&#8221;Rubik|700||on|||||&#8221; button_icon=&#8221;&#x24;||divi||400&#8243; custom_margin=&#8221;|||&#8221; custom_padding=&#8221;12px|30px|12px|30px|true|true&#8221; button_text_color_hover=&#8221;#ffffff&#8221; button_border_color_hover=&#8221;#2a2a2a&#8221; button_bg_color_hover=&#8221;#2a2a2a&#8221; locked=&#8221;off&#8221; global_colors_info=&#8221;{}&#8221; button_text_size__hover_enabled=&#8221;off&#8221; button_one_text_size__hover_enabled=&#8221;off&#8221; button_two_text_size__hover_enabled=&#8221;off&#8221; button_text_color__hover_enabled=&#8221;on&#8221; button_text_color__hover=&#8221;#ffffff&#8221; button_one_text_color__hover_enabled=&#8221;off&#8221; button_two_text_color__hover_enabled=&#8221;off&#8221; button_border_width__hover_enabled=&#8221;off&#8221; button_one_border_width__hover_enabled=&#8221;off&#8221; button_two_border_width__hover_enabled=&#8221;off&#8221; button_border_color__hover_enabled=&#8221;on&#8221; button_border_color__hover=&#8221;#2a2a2a&#8221; button_one_border_color__hover_enabled=&#8221;off&#8221; button_two_border_color__hover_enabled=&#8221;off&#8221; button_border_radius__hover_enabled=&#8221;off&#8221; button_one_border_radius__hover_enabled=&#8221;off&#8221; button_two_border_radius__hover_enabled=&#8221;off&#8221; button_letter_spacing__hover_enabled=&#8221;off&#8221; button_one_letter_spacing__hover_enabled=&#8221;off&#8221; button_two_letter_spacing__hover_enabled=&#8221;off&#8221; button_bg_color__hover_enabled=&#8221;on&#8221; button_bg_color__hover=&#8221;#2a2a2a&#8221; button_one_bg_color__hover_enabled=&#8221;off&#8221; button_two_bg_color__hover_enabled=&#8221;off&#8221;][\/et_pb_button][\/et_pb_column][\/et_pb_row][\/et_pb_section][et_pb_section fb_built=&#8221;1&#8243; admin_label=&#8221;Testimonials&#8221; _builder_version=&#8221;4.24.2&#8243; background_color=&#8221;#FFF109&#8243; custom_padding=&#8221;0px||0px||true|false&#8221; global_module=&#8221;918&#8243; saved_tabs=&#8221;all&#8221; locked=&#8221;off&#8221; global_colors_info=&#8221;{}&#8221;][et_pb_row column_structure=&#8221;1_4,1_4,1_2&#8243; _builder_version=&#8221;4.24.2&#8243; custom_padding=&#8221;||20px||false|false&#8221; locked=&#8221;off&#8221; global_colors_info=&#8221;{}&#8221;][et_pb_column type=&#8221;1_4&#8243; _builder_version=&#8221;4.16&#8243; custom_padding=&#8221;|||&#8221; global_colors_info=&#8221;{}&#8221; custom_padding__hover=&#8221;|||&#8221;][et_pb_image src=&#8221;https:\/\/www.mastehabitat.it\/wp-content\/uploads\/sites\/22\/2024\/03\/logo-mastehabitat_220.jpg&#8221; alt=&#8221;maste habitat rustikale Renovierung&#8221; title_text=&#8221;maste habitat rustikale Renovierung&#8221; _builder_version=&#8221;4.24.2&#8243; _module_preset=&#8221;default&#8221; custom_margin=&#8221;||||false|false&#8221; custom_padding=&#8221;||||false|false&#8221; global_colors_info=&#8221;{}&#8221;][\/et_pb_image][\/et_pb_column][et_pb_column type=&#8221;1_4&#8243; _builder_version=&#8221;4.16&#8243; custom_padding=&#8221;|||&#8221; global_colors_info=&#8221;{}&#8221; custom_padding__hover=&#8221;|||&#8221;][et_pb_blurb title=&#8221;info@mastehabitat.it&#8221; use_icon=&#8221;on&#8221; font_icon=&#8221;&#xe076;||divi||400&#8243; icon_placement=&#8221;left&#8221; image_icon_width=&#8221;18px&#8221; content_max_width=&#8221;1100px&#8221; _builder_version=&#8221;4.24.2&#8243; header_font=&#8221;Rubik|600|||||||&#8221; header_font_size=&#8221;16px&#8221; header_line_height=&#8221;1.2em&#8221; body_font=&#8221;||||||||&#8221; module_alignment=&#8221;center&#8221; custom_margin=&#8221;5px||5px||true|false&#8221; animation=&#8221;off&#8221; icon_font_size=&#8221;18px&#8221; locked=&#8221;off&#8221; global_colors_info=&#8221;{}&#8221;][\/et_pb_blurb][et_pb_blurb title=&#8221;+39 348 0642133&#8243; url=&#8221;tel:+393480642133&#8243; use_icon=&#8221;on&#8221; font_icon=&#8221;&#xf3cd;||fa||900&#8243; icon_placement=&#8221;left&#8221; image_icon_width=&#8221;18px&#8221; content_max_width=&#8221;1100px&#8221; _builder_version=&#8221;4.24.2&#8243; header_font=&#8221;Rubik|600|||||||&#8221; header_font_size=&#8221;16px&#8221; header_line_height=&#8221;1.2em&#8221; body_font=&#8221;||||||||&#8221; body_text_color=&#8221;#282525&#8243; body_link_font=&#8221;Rubik|600|||||||&#8221; body_link_text_color=&#8221;#282525&#8243; module_alignment=&#8221;center&#8221; custom_margin=&#8221;5px||5px||true|false&#8221; animation=&#8221;off&#8221; link_option_url=&#8221;tel:+393480642133&#8243; icon_font_size=&#8221;18px&#8221; locked=&#8221;off&#8221; global_colors_info=&#8221;{}&#8221;][\/et_pb_blurb][et_pb_blurb title=&#8221;+39 045 6573150&#8243; url=&#8221;tel:+390456573150&#8243; use_icon=&#8221;on&#8221; font_icon=&#8221;&#xe090;||divi||400&#8243; icon_placement=&#8221;left&#8221; image_icon_width=&#8221;18px&#8221; content_max_width=&#8221;1100px&#8221; _builder_version=&#8221;4.24.2&#8243; header_font=&#8221;Rubik|600|||||||&#8221; header_font_size=&#8221;16px&#8221; header_line_height=&#8221;1.2em&#8221; body_font=&#8221;||||||||&#8221; module_alignment=&#8221;center&#8221; custom_margin=&#8221;5px||5px||true|false&#8221; animation=&#8221;off&#8221; link_option_url=&#8221;tel:+390456573150&#8243; icon_font_size=&#8221;18px&#8221; locked=&#8221;off&#8221; global_colors_info=&#8221;{}&#8221;][\/et_pb_blurb][\/et_pb_column][et_pb_column type=&#8221;1_2&#8243; _builder_version=&#8221;4.16&#8243; custom_padding=&#8221;|||&#8221; global_colors_info=&#8221;{}&#8221; custom_padding__hover=&#8221;|||&#8221;][et_pb_blurb title=&#8221;Via Ospedaletto, 21 &#8211; 37026 Pescantina (VR)&#8221; use_icon=&#8221;on&#8221; font_icon=&#8221;&#xe081;||divi||400&#8243; icon_placement=&#8221;left&#8221; image_icon_width=&#8221;18px&#8221; content_max_width=&#8221;1100px&#8221; _builder_version=&#8221;4.24.2&#8243; header_font=&#8221;Rubik|600|||||||&#8221; header_font_size=&#8221;16px&#8221; header_line_height=&#8221;1.2em&#8221; body_font=&#8221;||||||||&#8221; module_alignment=&#8221;center&#8221; custom_margin=&#8221;5px||5px||true|false&#8221; animation=&#8221;off&#8221; icon_font_size=&#8221;18px&#8221; locked=&#8221;off&#8221; global_colors_info=&#8221;{}&#8221;][\/et_pb_blurb][et_pb_blurb title=&#8221;P.IVA 04159790239&#8243; use_icon=&#8221;on&#8221; font_icon=&#8221;&#xf2bd;||fa||400&#8243; icon_placement=&#8221;left&#8221; image_icon_width=&#8221;18px&#8221; content_max_width=&#8221;1100px&#8221; _builder_version=&#8221;4.24.2&#8243; header_font=&#8221;Rubik|600|||||||&#8221; header_font_size=&#8221;16px&#8221; header_line_height=&#8221;1.2em&#8221; body_font=&#8221;||||||||&#8221; module_alignment=&#8221;center&#8221; custom_margin=&#8221;5px||5px||true|false&#8221; animation=&#8221;off&#8221; icon_font_size=&#8221;18px&#8221; locked=&#8221;off&#8221; global_colors_info=&#8221;{}&#8221;][\/et_pb_blurb][et_pb_blurb title=&#8221;C.F. 04159790239&#8243; use_icon=&#8221;on&#8221; font_icon=&#8221;&#xf2bd;||fa||900&#8243; icon_placement=&#8221;left&#8221; image_icon_width=&#8221;18px&#8221; content_max_width=&#8221;1100px&#8221; _builder_version=&#8221;4.24.2&#8243; header_font=&#8221;Rubik|600|||||||&#8221; header_font_size=&#8221;16px&#8221; header_line_height=&#8221;1.2em&#8221; body_font=&#8221;||||||||&#8221; module_alignment=&#8221;center&#8221; custom_margin=&#8221;5px||5px||true|false&#8221; animation=&#8221;off&#8221; icon_font_size=&#8221;18px&#8221; locked=&#8221;off&#8221; global_colors_info=&#8221;{}&#8221;][\/et_pb_blurb][\/et_pb_column][\/et_pb_row][\/et_pb_section]<\/p>\n","protected":false},"excerpt":{"rendered":"<p>Schl\u00fcsselfertige SanierungenSchl\u00fcsselfertige Renovierungen sind der Traum eines jeden Eigent\u00fcmers, insbesondere f\u00fcr diejenigen, die in einer anderen Provinz oder im Ausland leben.Die M\u00f6glichkeit, sich an einen einzigen Ansprechpartner wenden zu k\u00f6nnen, ein spezialisiertes und zuverl\u00e4ssiges Bauunternehmen, mit dem der Planer oder Kunde in Kontakt treten kann und das ein Ergebnis ohne unerwartete Budgetereignisse und innerhalb der [&hellip;]<\/p>\n","protected":false},"author":2,"featured_media":0,"parent":0,"menu_order":0,"comment_status":"closed","ping_status":"closed","template":"","meta":{"_et_pb_use_builder":"on","_et_pb_old_content":"","_et_gb_content_width":"","footnotes":""},"class_list":["post-2674","page","type-page","status-publish","hentry"],"_links":{"self":[{"href":"https:\/\/www.mastehabitat.it\/wp-json\/wp\/v2\/pages\/2674","targetHints":{"allow":["GET"]}}],"collection":[{"href":"https:\/\/www.mastehabitat.it\/wp-json\/wp\/v2\/pages"}],"about":[{"href":"https:\/\/www.mastehabitat.it\/wp-json\/wp\/v2\/types\/page"}],"author":[{"embeddable":true,"href":"https:\/\/www.mastehabitat.it\/wp-json\/wp\/v2\/users\/2"}],"replies":[{"embeddable":true,"href":"https:\/\/www.mastehabitat.it\/wp-json\/wp\/v2\/comments?post=2674"}],"version-history":[{"count":3,"href":"https:\/\/www.mastehabitat.it\/wp-json\/wp\/v2\/pages\/2674\/revisions"}],"predecessor-version":[{"id":3313,"href":"https:\/\/www.mastehabitat.it\/wp-json\/wp\/v2\/pages\/2674\/revisions\/3313"}],"wp:attachment":[{"href":"https:\/\/www.mastehabitat.it\/wp-json\/wp\/v2\/media?parent=2674"}],"curies":[{"name":"wp","href":"https:\/\/api.w.org\/{rel}","templated":true}]}}