{"id":2699,"date":"2024-02-23T13:28:53","date_gmt":"2024-02-23T12:28:53","guid":{"rendered":"https:\/\/www.mastehabitat.it\/rustikal\/"},"modified":"2024-04-24T11:24:54","modified_gmt":"2024-04-24T09:24:54","slug":"rustikal","status":"publish","type":"page","link":"https:\/\/www.mastehabitat.it\/de\/rustikal\/","title":{"rendered":"Rustikal"},"content":{"rendered":"<p>[et_pb_section fb_built=&#8221;1&#8243; admin_label=&#8221;Hero&#8221; _builder_version=&#8221;4.24.2&#8243; use_background_color_gradient=&#8221;on&#8221; background_color_gradient_type=&#8221;circular&#8221; background_color_gradient_direction_radial=&#8221;top left&#8221; background_color_gradient_stops=&#8221;rgba(40,40,40,0.53) 0%|rgba(40,40,40,0.7) 100%&#8221; background_color_gradient_overlays_image=&#8221;on&#8221; background_color_gradient_start=&#8221;rgba(40,40,40,0.79)&#8221; background_color_gradient_end=&#8221;rgba(40,40,40,0.86)&#8221; background_image=&#8221;https:\/\/www.mastehabitat.it\/wp-content\/uploads\/sites\/22\/2024\/02\/maste-habitat-sfondo.jpg&#8221; custom_margin=&#8221;||||false&#8221; custom_padding=&#8221;3vw||3vw||true|false&#8221; global_colors_info=&#8221;{}&#8221;][et_pb_row _builder_version=&#8221;4.24.0&#8243; global_colors_info=&#8221;{}&#8221;][et_pb_column type=&#8221;4_4&#8243; _builder_version=&#8221;4.16&#8243; custom_padding=&#8221;|||&#8221; global_colors_info=&#8221;{}&#8221; custom_padding__hover=&#8221;|||&#8221;][et_pb_text _builder_version=&#8221;4.24.0&#8243; text_font=&#8221;||||||||&#8221; header_font=&#8221;Rubik|700|||||||&#8221; header_font_size=&#8221;62px&#8221; header_line_height=&#8221;1.1em&#8221; background_layout=&#8221;dark&#8221; max_width=&#8221;98%&#8221; custom_margin=&#8221;||20px||false|false&#8221; custom_padding=&#8221;|||16px&#8221; header_font_size_tablet=&#8221;44px&#8221; header_font_size_phone=&#8221;30px&#8221; header_font_size_last_edited=&#8221;on|phone&#8221; border_color_all=&#8221;#ffb400&#8243; border_width_left=&#8221;10px&#8221; border_color_left=&#8221;#FFF109&#8243; global_colors_info=&#8221;{}&#8221;]<\/p>\n<h1>Rustikal<\/h1>\n<p>[\/et_pb_text][\/et_pb_column][\/et_pb_row][\/et_pb_section][et_pb_section fb_built=&#8221;1&#8243; admin_label=&#8221;About Us&#8221; _builder_version=&#8221;4.16&#8243; global_colors_info=&#8221;{}&#8221;][et_pb_row _builder_version=&#8221;4.24.2&#8243; global_colors_info=&#8221;{}&#8221;][et_pb_column type=&#8221;4_4&#8243; _builder_version=&#8221;4.16&#8243; custom_padding=&#8221;|||&#8221; global_colors_info=&#8221;{}&#8221; custom_padding__hover=&#8221;|||&#8221;][et_pb_text _builder_version=&#8221;4.24.3&#8243; text_font=&#8221;||||||||&#8221; text_line_height=&#8221;1.8em&#8221; custom_padding=&#8221;|||&#8221; custom_padding_tablet=&#8221;|40px||40px||true&#8221; custom_padding_last_edited=&#8221;off|desktop&#8221; global_colors_info=&#8221;{}&#8221;]<\/p>\n<p>MASTE HABITAT, ein Bauunternehmen am Gardasee, ist auf rustikale Renovierungen spezialisiert.<\/p>\n<p>Aber nicht nur im l\u00e4ndlichen Kontext haben wir oft das Gl\u00fcck, auf Geb\u00e4ude mit Stein oder Steinstrukturen zu sto\u00dfen. Kunden, die in die Geschichte dieser H\u00e4user verliebt sind, bitten uns in der Regel darum, den Charme des Hauses und die Hauptmerkmale der Immobilie zu bewahren.<\/p>\n<p>[\/et_pb_text][\/et_pb_column][\/et_pb_row][et_pb_row column_structure=&#8221;1_2,1_2&#8243; use_custom_gutter=&#8221;on&#8221; gutter_width=&#8221;1&#8243; disabled_on=&#8221;on|off|off&#8221; _builder_version=&#8221;4.24.2&#8243; width=&#8221;100%&#8221; custom_padding=&#8221;0px||0px||false|false&#8221; global_colors_info=&#8221;{}&#8221;][et_pb_column type=&#8221;1_2&#8243; _builder_version=&#8221;4.24.2&#8243; custom_padding=&#8221;50px|50px|50px|50px|true|true&#8221; global_colors_info=&#8221;{}&#8221; custom_padding__hover=&#8221;|||&#8221;][et_pb_text _builder_version=&#8221;4.24.2&#8243; text_font=&#8221;||||||||&#8221; text_line_height=&#8221;1.8em&#8221; custom_padding=&#8221;|||&#8221; custom_padding_tablet=&#8221;|40px||40px||true&#8221; custom_padding_last_edited=&#8221;off|desktop&#8221; global_colors_info=&#8221;{}&#8221;]<\/p>\n<p>Wenn es um rustikale Geb\u00e4ude geht, ist die Auswahl der Materialien f\u00fcr die Renovierung von grundlegender Bedeutung, weshalb wir in den meisten F\u00e4llen grunds\u00e4tzlich reinen Kalk NHL 5 verwenden. Dank der Verwendung spezieller Verarbeitungszyklen erm\u00f6glicht uns dieses <strong>nat\u00fcrliche Material <\/strong> die Wiederherstellung von St\u00fctzmauern oder sogar die Blockierung von Oberfl\u00e4chenwassersituationen und garantiert so langfristig eine gesunde Umgebung ohne den Einsatz chemischer Mittel. <\/p>\n<p>[\/et_pb_text][\/et_pb_column][et_pb_column type=&#8221;1_2&#8243; _builder_version=&#8221;4.16&#8243; custom_padding=&#8221;|||&#8221; global_colors_info=&#8221;{}&#8221; custom_padding__hover=&#8221;|||&#8221;][et_pb_image src=&#8221;https:\/\/www.mastehabitat.it\/wp-content\/uploads\/sites\/22\/2024\/03\/maste-habitat_rustici_calce-pura-NHL5-1.jpg&#8221; alt=&#8221;Reiner Kalk, Renovierungen von Master Habitat&#8221; title_text=&#8221;Reiner Kalk, Renovierungen von Master Habitat&#8221; _builder_version=&#8221;4.24.2&#8243; _module_preset=&#8221;default&#8221; global_colors_info=&#8221;{}&#8221;][\/et_pb_image][\/et_pb_column][\/et_pb_row][et_pb_row column_structure=&#8221;1_2,1_2&#8243; use_custom_gutter=&#8221;on&#8221; gutter_width=&#8221;1&#8243; disabled_on=&#8221;off|on|on&#8221; _builder_version=&#8221;4.24.2&#8243; width=&#8221;100%&#8221; custom_padding=&#8221;0px||0px||false|false&#8221; global_colors_info=&#8221;{}&#8221;][et_pb_column type=&#8221;1_2&#8243; _builder_version=&#8221;4.16&#8243; custom_padding=&#8221;|||&#8221; global_colors_info=&#8221;{}&#8221; custom_padding__hover=&#8221;|||&#8221;][et_pb_image src=&#8221;https:\/\/www.mastehabitat.it\/wp-content\/uploads\/sites\/22\/2024\/03\/maste-habitat_rustici_calce-pura-NHL5-1.jpg&#8221; alt=&#8221;Reiner Kalk, Renovierungen von Master Habitat&#8221; title_text=&#8221;Reiner Kalk, Renovierungen von Master Habitat&#8221; _builder_version=&#8221;4.24.2&#8243; _module_preset=&#8221;default&#8221; global_colors_info=&#8221;{}&#8221;][\/et_pb_image][\/et_pb_column][et_pb_column type=&#8221;1_2&#8243; _builder_version=&#8221;4.24.2&#8243; custom_padding=&#8221;50px|50px|50px|50px|true|true&#8221; global_colors_info=&#8221;{}&#8221; custom_padding__hover=&#8221;|||&#8221;][et_pb_text _builder_version=&#8221;4.24.2&#8243; text_font=&#8221;||||||||&#8221; text_line_height=&#8221;1.8em&#8221; custom_padding=&#8221;|||&#8221; custom_padding_tablet=&#8221;|40px||40px||true&#8221; custom_padding_last_edited=&#8221;off|desktop&#8221; global_colors_info=&#8221;{}&#8221;]<\/p>\n<p>Wenn es um rustikale Geb\u00e4ude geht, ist die Auswahl der Materialien f\u00fcr die Renovierung von grundlegender Bedeutung, weshalb wir in den meisten F\u00e4llen grunds\u00e4tzlich reinen <strong>Kalk NHL 5 verwenden<\/strong>. Dank der Verwendung dieses <strong>nat\u00fcrlichen Materials<\/strong> und spezieller Verarbeitungszyklen sind wir in der Lage, feuchte Umgebungen wie R\u00e4ume mit St\u00fctzmauern zu renovieren oder sogar Situationen mit Wasserauftritt zu blockieren und so langfristig gesunde Umgebungen ohne den Einsatz chemischer Mittel zu gew\u00e4hrleisten. <\/p>\n<p>[\/et_pb_text][\/et_pb_column][\/et_pb_row][et_pb_row column_structure=&#8221;1_2,1_2&#8243; use_custom_gutter=&#8221;on&#8221; gutter_width=&#8221;1&#8243; disabled_on=&#8221;off|off|off&#8221; _builder_version=&#8221;4.24.2&#8243; width=&#8221;100%&#8221; custom_padding=&#8221;0px||0px||false|false&#8221; global_colors_info=&#8221;{}&#8221;][et_pb_column type=&#8221;1_2&#8243; _builder_version=&#8221;4.16&#8243; custom_padding=&#8221;|||&#8221; global_colors_info=&#8221;{}&#8221; custom_padding__hover=&#8221;|||&#8221;][et_pb_image src=&#8221;https:\/\/www.mastehabitat.it\/wp-content\/uploads\/sites\/22\/2024\/03\/maste-habitat_rustici_finitura-in-sasso-faccia-a-vista.jpg&#8221; alt=&#8221;Maste Habitat, rustikal, freiliegende Steinoberfl\u00e4che&#8221; title_text=&#8221;Maste Habitat, rustikal, freiliegende Steinoberfl\u00e4che&#8221; _builder_version=&#8221;4.24.2&#8243; _module_preset=&#8221;default&#8221; locked=&#8221;off&#8221; global_colors_info=&#8221;{}&#8221;][\/et_pb_image][\/et_pb_column][et_pb_column type=&#8221;1_2&#8243; _builder_version=&#8221;4.16&#8243; custom_padding=&#8221;50px|50px|50px|50px|true|true&#8221; global_colors_info=&#8221;{}&#8221; custom_padding__hover=&#8221;|||&#8221;][et_pb_text _builder_version=&#8221;4.24.2&#8243; text_font=&#8221;||||||||&#8221; text_line_height=&#8221;1.8em&#8221; custom_padding=&#8221;|||&#8221; global_colors_info=&#8221;{}&#8221;]<\/p>\n<p>Das eigentliche Bed\u00fcrfnis derjenigen, die ein Landhaus besitzen, besteht darin, einige <strong>W\u00e4nde mit einer \u201efreigelegten\u201c<\/strong> Steinoberfl\u00e4che zu erhalten, um die Geschichte des Geb\u00e4udes lebendig zu halten.<\/p>\n<p>Dieser Prozess kann mit verschiedenen \u00e4sthetischen Nuancen durchgef\u00fchrt werden, wobei die Farbe und die Verfugungstiefe des verwendeten M\u00f6rtels variiert werden.<\/p>\n<p>[\/et_pb_text][\/et_pb_column][\/et_pb_row][et_pb_row column_structure=&#8221;1_2,1_2&#8243; use_custom_gutter=&#8221;on&#8221; gutter_width=&#8221;1&#8243; disabled_on=&#8221;on|off|off&#8221; _builder_version=&#8221;4.24.2&#8243; width=&#8221;100%&#8221; custom_padding=&#8221;0px||0px||false|false&#8221; global_colors_info=&#8221;{}&#8221;][et_pb_column type=&#8221;1_2&#8243; _builder_version=&#8221;4.24.2&#8243; custom_padding=&#8221;50px|50px|50px|50px|true|true&#8221; global_colors_info=&#8221;{}&#8221; custom_padding__hover=&#8221;|||&#8221;][et_pb_text _builder_version=&#8221;4.24.2&#8243; text_font=&#8221;||||||||&#8221; text_line_height=&#8221;1.8em&#8221; custom_padding=&#8221;|||&#8221; custom_padding_tablet=&#8221;|40px||40px||true&#8221; custom_padding_last_edited=&#8221;off|desktop&#8221; global_colors_info=&#8221;{}&#8221;]<\/p>\n<p>Bei Bedarf ist es m\u00f6glich, durch <strong>Heft-L\u00f6sen-Operationen<\/strong> einzugreifen, fehlende Teile zu integrieren, unverputzte Ziegelb\u00f6gen zu rekonstruieren, Stahlarchitrave zur strukturellen Konsolidierung oder antike Holzelemente zur Dekoration einzuf\u00fcgen. Das Ziel bleibt immer, einzugreifen, ohne den Unterschied zwischen den rekonstruierten Teilen und den bereits vorhandenen aufzuzeigen.<\/p>\n<p>&nbsp;<\/p>\n<p>[\/et_pb_text][\/et_pb_column][et_pb_column type=&#8221;1_2&#8243; _builder_version=&#8221;4.16&#8243; custom_padding=&#8221;|||&#8221; global_colors_info=&#8221;{}&#8221; custom_padding__hover=&#8221;|||&#8221;][et_pb_image src=&#8221;https:\/\/www.mastehabitat.it\/wp-content\/uploads\/sites\/22\/2024\/03\/maste-habitat_rustici_operazioni-di-cuci-scuci.jpg&#8221; alt=&#8221;Master Habitat, N\u00e4h- und N\u00e4harbeiten, Renovierungen&#8221; title_text=&#8221;Master Habitat, N\u00e4h- und N\u00e4harbeiten, Renovierungen&#8221; _builder_version=&#8221;4.24.2&#8243; _module_preset=&#8221;default&#8221; global_colors_info=&#8221;{}&#8221;][\/et_pb_image][\/et_pb_column][\/et_pb_row][et_pb_row column_structure=&#8221;1_2,1_2&#8243; use_custom_gutter=&#8221;on&#8221; gutter_width=&#8221;1&#8243; disabled_on=&#8221;off|on|on&#8221; _builder_version=&#8221;4.24.2&#8243; width=&#8221;100%&#8221; custom_padding=&#8221;0px||0px||false|false&#8221; global_colors_info=&#8221;{}&#8221;][et_pb_column type=&#8221;1_2&#8243; _builder_version=&#8221;4.16&#8243; custom_padding=&#8221;|||&#8221; global_colors_info=&#8221;{}&#8221; custom_padding__hover=&#8221;|||&#8221;][et_pb_image src=&#8221;https:\/\/www.mastehabitat.it\/wp-content\/uploads\/sites\/22\/2024\/03\/maste-habitat_rustici_operazioni-di-cuci-scuci.jpg&#8221; alt=&#8221;Master Habitat, N\u00e4h- und N\u00e4harbeiten, Renovierungen&#8221; title_text=&#8221;Master Habitat, N\u00e4h- und N\u00e4harbeiten, Renovierungen&#8221; _builder_version=&#8221;4.24.2&#8243; _module_preset=&#8221;default&#8221; global_colors_info=&#8221;{}&#8221;][\/et_pb_image][\/et_pb_column][et_pb_column type=&#8221;1_2&#8243; _builder_version=&#8221;4.24.2&#8243; custom_padding=&#8221;50px|50px|50px|50px|true|true&#8221; global_colors_info=&#8221;{}&#8221; custom_padding__hover=&#8221;|||&#8221;][et_pb_text _builder_version=&#8221;4.24.2&#8243; text_font=&#8221;||||||||&#8221; text_line_height=&#8221;1.8em&#8221; custom_padding=&#8221;|||&#8221; custom_padding_tablet=&#8221;|40px||40px||true&#8221; custom_padding_last_edited=&#8221;off|desktop&#8221; global_colors_info=&#8221;{}&#8221;]<\/p>\n<p>Bei Bedarf ist es m\u00f6glich, durch <strong>Heft-L\u00f6sen-Operationen<\/strong> einzugreifen, fehlende Teile zu integrieren, unverputzte Ziegelb\u00f6gen zu rekonstruieren, Stahlarchitrave zur strukturellen Konsolidierung oder antike Holzelemente zur Dekoration einzuf\u00fcgen. Das Ziel bleibt immer, einzugreifen, ohne den Unterschied zwischen den rekonstruierten Teilen und den bereits vorhandenen aufzuzeigen.<\/p>\n<p>&nbsp;<\/p>\n<p>[\/et_pb_text][\/et_pb_column][\/et_pb_row][et_pb_row column_structure=&#8221;1_2,1_2&#8243; use_custom_gutter=&#8221;on&#8221; gutter_width=&#8221;1&#8243; _builder_version=&#8221;4.24.2&#8243; width=&#8221;100%&#8221; custom_padding=&#8221;0px||50px||false|false&#8221; global_colors_info=&#8221;{}&#8221;][et_pb_column type=&#8221;1_2&#8243; _builder_version=&#8221;4.16&#8243; custom_padding=&#8221;|||&#8221; global_colors_info=&#8221;{}&#8221; custom_padding__hover=&#8221;|||&#8221;][et_pb_image src=&#8221;https:\/\/www.mastehabitat.it\/wp-content\/uploads\/sites\/22\/2024\/03\/maste-habitat_rustici_solai-e-coperture-in-legno.jpg&#8221; alt=&#8221;Maste Habitat, Holzb\u00f6den und D\u00e4cher&#8221; title_text=&#8221;Maste Habitat, Holzb\u00f6den und D\u00e4cher&#8221; _builder_version=&#8221;4.24.2&#8243; _module_preset=&#8221;default&#8221; locked=&#8221;off&#8221; global_colors_info=&#8221;{}&#8221;][\/et_pb_image][\/et_pb_column][et_pb_column type=&#8221;1_2&#8243; _builder_version=&#8221;4.16&#8243; custom_padding=&#8221;50px|50px|50px|50px|true|true&#8221; global_colors_info=&#8221;{}&#8221; custom_padding__hover=&#8221;|||&#8221;][et_pb_text _builder_version=&#8221;4.24.2&#8243; text_font=&#8221;||||||||&#8221; text_line_height=&#8221;1.8em&#8221; custom_padding=&#8221;|||&#8221; global_colors_info=&#8221;{}&#8221;]<\/p>\n<p>Abh\u00e4ngig von der Relevanz des Projekts k\u00f6nnen wir spezielle Arbeiten <strong>an Holzb\u00f6den und -d\u00e4chern durchf\u00fchren<\/strong> und dabei die Elemente durch Fugenhobeln, B\u00fcrsten, Schnitte und Verbindungen, Elemente mit unregelm\u00e4\u00dfigen Querschnitten, Impr\u00e4gniermittel oder Emails pflegen &#8230; alles, um ein Ergebnis zu erzielen mit gealtertem Effekt, um sich perfekt in den rustikalen Kontext einzuf\u00fcgen.<\/p>\n<p>[\/et_pb_text][\/et_pb_column][\/et_pb_row][et_pb_row custom_padding_last_edited=&#8221;off|desktop&#8221; _builder_version=&#8221;4.24.0&#8243; custom_margin=&#8221;|||&#8221; custom_padding=&#8221;0|0|0|0|true|true&#8221; custom_padding_tablet=&#8221;|40px||40px||true&#8221; global_colors_info=&#8221;{}&#8221;][et_pb_column type=&#8221;4_4&#8243; _builder_version=&#8221;4.16&#8243; custom_padding=&#8221;|||&#8221; global_colors_info=&#8221;{}&#8221; custom_padding__hover=&#8221;|||&#8221;][et_pb_text _builder_version=&#8221;4.24.3&#8243; text_font=&#8221;||||||||&#8221; text_line_height=&#8221;1.8em&#8221; header_2_font=&#8221;Rubik|700|||||||&#8221; header_2_font_size=&#8221;20px&#8221; header_2_line_height=&#8221;1.4em&#8221; custom_padding=&#8221;|||&#8221; hover_enabled=&#8221;0&#8243; global_colors_info=&#8221;{}&#8221; sticky_enabled=&#8221;0&#8243;]<\/p>\n<h2 style=\"text-align: center\">Sehen Sie sich einige unserer renovierten Ferienh\u00e4user an<\/h2>\n<p>[\/et_pb_text][et_pb_gallery gallery_ids=&#8221;993,994,995,997&#8243; show_title_and_caption=&#8221;off&#8221; show_pagination=&#8221;off&#8221; hover_icon=&#8221;&#xf03e;||fa||400&#8243; _builder_version=&#8221;4.24.2&#8243; _module_preset=&#8221;default&#8221; global_colors_info=&#8221;{}&#8221;][\/et_pb_gallery][et_pb_button button_url=&#8221;https:\/\/www.mastehabitat.it\/de\/erfolge\/&#8221; button_text=&#8221;Erfolge&#8221; button_alignment=&#8221;center&#8221; _builder_version=&#8221;4.24.2&#8243; custom_button=&#8221;on&#8221; button_text_size=&#8221;14px&#8221; button_text_color=&#8221;#2a2a2a&#8221; button_border_width=&#8221;4px&#8221; button_border_radius=&#8221;0px&#8221; button_letter_spacing=&#8221;4px&#8221; button_font=&#8221;Rubik|700||on|||||&#8221; button_icon=&#8221;&#x24;||divi||400&#8243; custom_margin=&#8221;|||&#8221; custom_padding=&#8221;12px|30px|12px|30px|true|true&#8221; button_text_color_hover=&#8221;#ffffff&#8221; button_border_color_hover=&#8221;#2a2a2a&#8221; button_bg_color_hover=&#8221;#2a2a2a&#8221; locked=&#8221;off&#8221; global_colors_info=&#8221;{}&#8221; button_text_size__hover_enabled=&#8221;off&#8221; button_one_text_size__hover_enabled=&#8221;off&#8221; button_two_text_size__hover_enabled=&#8221;off&#8221; button_text_color__hover_enabled=&#8221;on&#8221; button_text_color__hover=&#8221;#ffffff&#8221; button_one_text_color__hover_enabled=&#8221;off&#8221; button_two_text_color__hover_enabled=&#8221;off&#8221; button_border_width__hover_enabled=&#8221;off&#8221; button_one_border_width__hover_enabled=&#8221;off&#8221; button_two_border_width__hover_enabled=&#8221;off&#8221; button_border_color__hover_enabled=&#8221;on&#8221; button_border_color__hover=&#8221;#2a2a2a&#8221; button_one_border_color__hover_enabled=&#8221;off&#8221; button_two_border_color__hover_enabled=&#8221;off&#8221; button_border_radius__hover_enabled=&#8221;off&#8221; button_one_border_radius__hover_enabled=&#8221;off&#8221; button_two_border_radius__hover_enabled=&#8221;off&#8221; button_letter_spacing__hover_enabled=&#8221;off&#8221; button_one_letter_spacing__hover_enabled=&#8221;off&#8221; button_two_letter_spacing__hover_enabled=&#8221;off&#8221; button_bg_color__hover_enabled=&#8221;on&#8221; button_bg_color__hover=&#8221;#2a2a2a&#8221; button_one_bg_color__hover_enabled=&#8221;off&#8221; button_two_bg_color__hover_enabled=&#8221;off&#8221;][\/et_pb_button][\/et_pb_column][\/et_pb_row][\/et_pb_section][et_pb_section fb_built=&#8221;1&#8243; admin_label=&#8221;Testimonials&#8221; _builder_version=&#8221;4.24.2&#8243; background_color=&#8221;#FFF109&#8243; custom_padding=&#8221;0px||0px||true|false&#8221; global_module=&#8221;918&#8243; saved_tabs=&#8221;all&#8221; locked=&#8221;off&#8221; global_colors_info=&#8221;{}&#8221;][et_pb_row column_structure=&#8221;1_4,1_4,1_2&#8243; _builder_version=&#8221;4.24.2&#8243; custom_padding=&#8221;||20px||false|false&#8221; locked=&#8221;off&#8221; global_colors_info=&#8221;{}&#8221;][et_pb_column type=&#8221;1_4&#8243; _builder_version=&#8221;4.16&#8243; custom_padding=&#8221;|||&#8221; global_colors_info=&#8221;{}&#8221; custom_padding__hover=&#8221;|||&#8221;][et_pb_image src=&#8221;https:\/\/www.mastehabitat.it\/wp-content\/uploads\/sites\/22\/2024\/03\/logo-mastehabitat_220.jpg&#8221; alt=&#8221;maste habitat rustikale Renovierung&#8221; title_text=&#8221;maste habitat rustikale Renovierung&#8221; _builder_version=&#8221;4.24.2&#8243; _module_preset=&#8221;default&#8221; custom_margin=&#8221;||||false|false&#8221; custom_padding=&#8221;||||false|false&#8221; global_colors_info=&#8221;{}&#8221;][\/et_pb_image][\/et_pb_column][et_pb_column type=&#8221;1_4&#8243; _builder_version=&#8221;4.16&#8243; custom_padding=&#8221;|||&#8221; global_colors_info=&#8221;{}&#8221; custom_padding__hover=&#8221;|||&#8221;][et_pb_blurb title=&#8221;info@mastehabitat.it&#8221; use_icon=&#8221;on&#8221; font_icon=&#8221;&#xe076;||divi||400&#8243; icon_placement=&#8221;left&#8221; image_icon_width=&#8221;18px&#8221; content_max_width=&#8221;1100px&#8221; _builder_version=&#8221;4.24.2&#8243; header_font=&#8221;Rubik|600|||||||&#8221; header_font_size=&#8221;16px&#8221; header_line_height=&#8221;1.2em&#8221; body_font=&#8221;||||||||&#8221; module_alignment=&#8221;center&#8221; custom_margin=&#8221;5px||5px||true|false&#8221; animation=&#8221;off&#8221; icon_font_size=&#8221;18px&#8221; locked=&#8221;off&#8221; global_colors_info=&#8221;{}&#8221;][\/et_pb_blurb][et_pb_blurb title=&#8221;+39 348 0642133&#8243; url=&#8221;tel:+393480642133&#8243; use_icon=&#8221;on&#8221; font_icon=&#8221;&#xf3cd;||fa||900&#8243; icon_placement=&#8221;left&#8221; image_icon_width=&#8221;18px&#8221; content_max_width=&#8221;1100px&#8221; _builder_version=&#8221;4.24.2&#8243; header_font=&#8221;Rubik|600|||||||&#8221; header_font_size=&#8221;16px&#8221; header_line_height=&#8221;1.2em&#8221; body_font=&#8221;||||||||&#8221; body_text_color=&#8221;#282525&#8243; body_link_font=&#8221;Rubik|600|||||||&#8221; body_link_text_color=&#8221;#282525&#8243; module_alignment=&#8221;center&#8221; custom_margin=&#8221;5px||5px||true|false&#8221; animation=&#8221;off&#8221; link_option_url=&#8221;tel:+393480642133&#8243; icon_font_size=&#8221;18px&#8221; locked=&#8221;off&#8221; global_colors_info=&#8221;{}&#8221;][\/et_pb_blurb][et_pb_blurb title=&#8221;+39 045 6573150&#8243; url=&#8221;tel:+390456573150&#8243; use_icon=&#8221;on&#8221; font_icon=&#8221;&#xe090;||divi||400&#8243; icon_placement=&#8221;left&#8221; image_icon_width=&#8221;18px&#8221; content_max_width=&#8221;1100px&#8221; _builder_version=&#8221;4.24.2&#8243; header_font=&#8221;Rubik|600|||||||&#8221; header_font_size=&#8221;16px&#8221; header_line_height=&#8221;1.2em&#8221; body_font=&#8221;||||||||&#8221; module_alignment=&#8221;center&#8221; custom_margin=&#8221;5px||5px||true|false&#8221; animation=&#8221;off&#8221; link_option_url=&#8221;tel:+390456573150&#8243; icon_font_size=&#8221;18px&#8221; locked=&#8221;off&#8221; global_colors_info=&#8221;{}&#8221;][\/et_pb_blurb][\/et_pb_column][et_pb_column type=&#8221;1_2&#8243; _builder_version=&#8221;4.16&#8243; custom_padding=&#8221;|||&#8221; global_colors_info=&#8221;{}&#8221; custom_padding__hover=&#8221;|||&#8221;][et_pb_blurb title=&#8221;Via Ospedaletto, 21 &#8211; 37026 Pescantina (VR)&#8221; use_icon=&#8221;on&#8221; font_icon=&#8221;&#xe081;||divi||400&#8243; icon_placement=&#8221;left&#8221; image_icon_width=&#8221;18px&#8221; content_max_width=&#8221;1100px&#8221; _builder_version=&#8221;4.24.2&#8243; header_font=&#8221;Rubik|600|||||||&#8221; header_font_size=&#8221;16px&#8221; header_line_height=&#8221;1.2em&#8221; body_font=&#8221;||||||||&#8221; module_alignment=&#8221;center&#8221; custom_margin=&#8221;5px||5px||true|false&#8221; animation=&#8221;off&#8221; icon_font_size=&#8221;18px&#8221; locked=&#8221;off&#8221; global_colors_info=&#8221;{}&#8221;][\/et_pb_blurb][et_pb_blurb title=&#8221;P.IVA 04159790239&#8243; use_icon=&#8221;on&#8221; font_icon=&#8221;&#xf2bd;||fa||400&#8243; icon_placement=&#8221;left&#8221; image_icon_width=&#8221;18px&#8221; content_max_width=&#8221;1100px&#8221; _builder_version=&#8221;4.24.2&#8243; header_font=&#8221;Rubik|600|||||||&#8221; header_font_size=&#8221;16px&#8221; header_line_height=&#8221;1.2em&#8221; body_font=&#8221;||||||||&#8221; module_alignment=&#8221;center&#8221; custom_margin=&#8221;5px||5px||true|false&#8221; animation=&#8221;off&#8221; icon_font_size=&#8221;18px&#8221; locked=&#8221;off&#8221; global_colors_info=&#8221;{}&#8221;][\/et_pb_blurb][et_pb_blurb title=&#8221;C.F. 04159790239&#8243; use_icon=&#8221;on&#8221; font_icon=&#8221;&#xf2bd;||fa||900&#8243; icon_placement=&#8221;left&#8221; image_icon_width=&#8221;18px&#8221; content_max_width=&#8221;1100px&#8221; _builder_version=&#8221;4.24.2&#8243; header_font=&#8221;Rubik|600|||||||&#8221; header_font_size=&#8221;16px&#8221; header_line_height=&#8221;1.2em&#8221; body_font=&#8221;||||||||&#8221; module_alignment=&#8221;center&#8221; custom_margin=&#8221;5px||5px||true|false&#8221; animation=&#8221;off&#8221; icon_font_size=&#8221;18px&#8221; locked=&#8221;off&#8221; global_colors_info=&#8221;{}&#8221;][\/et_pb_blurb][\/et_pb_column][\/et_pb_row][\/et_pb_section]<\/p>\n","protected":false},"excerpt":{"rendered":"<p>RustikalMASTE HABITAT, ein Bauunternehmen am Gardasee, ist auf rustikale Renovierungen spezialisiert. Aber nicht nur im l\u00e4ndlichen Kontext haben wir oft das Gl\u00fcck, auf Geb\u00e4ude mit Stein oder Steinstrukturen zu sto\u00dfen. Kunden, die in die Geschichte dieser H\u00e4user verliebt sind, bitten uns in der Regel darum, den Charme des Hauses und die Hauptmerkmale der Immobilie zu [&hellip;]<\/p>\n","protected":false},"author":2,"featured_media":0,"parent":0,"menu_order":0,"comment_status":"closed","ping_status":"closed","template":"","meta":{"_et_pb_use_builder":"on","_et_pb_old_content":"","_et_gb_content_width":"","footnotes":""},"class_list":["post-2699","page","type-page","status-publish","hentry"],"_links":{"self":[{"href":"https:\/\/www.mastehabitat.it\/wp-json\/wp\/v2\/pages\/2699","targetHints":{"allow":["GET"]}}],"collection":[{"href":"https:\/\/www.mastehabitat.it\/wp-json\/wp\/v2\/pages"}],"about":[{"href":"https:\/\/www.mastehabitat.it\/wp-json\/wp\/v2\/types\/page"}],"author":[{"embeddable":true,"href":"https:\/\/www.mastehabitat.it\/wp-json\/wp\/v2\/users\/2"}],"replies":[{"embeddable":true,"href":"https:\/\/www.mastehabitat.it\/wp-json\/wp\/v2\/comments?post=2699"}],"version-history":[{"count":5,"href":"https:\/\/www.mastehabitat.it\/wp-json\/wp\/v2\/pages\/2699\/revisions"}],"predecessor-version":[{"id":3380,"href":"https:\/\/www.mastehabitat.it\/wp-json\/wp\/v2\/pages\/2699\/revisions\/3380"}],"wp:attachment":[{"href":"https:\/\/www.mastehabitat.it\/wp-json\/wp\/v2\/media?parent=2699"}],"curies":[{"name":"wp","href":"https:\/\/api.w.org\/{rel}","templated":true}]}}